{"id":107,"date":"2022-03-24T11:15:07","date_gmt":"2022-03-24T10:15:07","guid":{"rendered":"http:\/\/localhost\/chile\/wordpress\/?page_id=107"},"modified":"2026-02-20T16:09:22","modified_gmt":"2026-02-20T15:09:22","slug":"online-prodaja","status":"publish","type":"page","link":"https:\/\/teslacryptocap.com\/en\/online-prodaja\/","title":{"rendered":"Web shop"},"content":{"rendered":"<div data-elementor-type=\"wp-page\" data-elementor-id=\"107\" class=\"elementor elementor-107\">\n\t\t\t\t\t\t<section class=\"elementor-section elementor-top-section elementor-element elementor-element-5811cfc elementor-section-content-middle elementor-reverse-mobile ct-section-stretched elementor-section-height-min-height elementor-section-boxed elementor-section-height-default elementor-section-items-middle\" data-id=\"5811cfc\" data-element_type=\"section\" data-e-type=\"section\" data-settings=\"{&quot;background_background&quot;:&quot;classic&quot;}\">\n\t\t\t\t\t\t\t<div class=\"elementor-background-overlay\"><\/div>\n\t\t\t\t\t\t\t<div class=\"elementor-container elementor-column-gap-no\">\n\t\t\t\t\t<div class=\"elementor-column elementor-col-100 elementor-top-column elementor-element elementor-element-c5dc2f2\" data-id=\"c5dc2f2\" data-element_type=\"column\" data-e-type=\"column\">\n\t\t\t<div class=\"elementor-widget-wrap elementor-element-populated\">\n\t\t\t\t\t\t<section class=\"elementor-section elementor-inner-section elementor-element elementor-element-a3cce47 elementor-section-content-middle elementor-section-boxed elementor-section-height-default elementor-section-height-default elementor-invisible\" data-id=\"a3cce47\" data-element_type=\"section\" data-e-type=\"section\" data-settings=\"{&quot;animation&quot;:&quot;fadeIn&quot;}\">\n\t\t\t\t\t\t<div class=\"elementor-container elementor-column-gap-default\">\n\t\t\t\t\t<div class=\"elementor-column elementor-col-50 elementor-inner-column elementor-element elementor-element-cb4ce15\" data-id=\"cb4ce15\" data-element_type=\"column\" data-e-type=\"column\" data-settings=\"{&quot;background_background&quot;:&quot;classic&quot;}\">\n\t\t\t<div class=\"elementor-widget-wrap elementor-element-populated\">\n\t\t\t\t\t\t<div class=\"elementor-element elementor-element-ef9eeb0 elementor-widget elementor-widget-heading\" data-id=\"ef9eeb0\" data-element_type=\"widget\" data-e-type=\"widget\" data-widget_type=\"heading.default\">\n\t\t\t\t<div class=\"elementor-widget-container\">\n\t\t\t\t\t<h2 class=\"elementor-heading-title elementor-size-default\">How Do SELLERS SAVE ALL 100% On Payment Processing Fees?<\/h2>\t\t\t\t<\/div>\n\t\t\t\t<\/div>\n\t\t\t\t<div class=\"elementor-element elementor-element-e7d8878 elementor-widget-divider--view-line elementor-widget elementor-widget-divider\" data-id=\"e7d8878\" data-element_type=\"widget\" data-e-type=\"widget\" data-widget_type=\"divider.default\">\n\t\t\t\t<div class=\"elementor-widget-container\">\n\t\t\t\t\t\t\t<div class=\"elementor-divider\">\n\t\t\t<span class=\"elementor-divider-separator\">\n\t\t\t\t\t\t<\/span>\n\t\t<\/div>\n\t\t\t\t\t\t<\/div>\n\t\t\t\t<\/div>\n\t\t\t\t<div class=\"elementor-element elementor-element-8915d90 elementor-widget elementor-widget-text-editor\" data-id=\"8915d90\" data-element_type=\"widget\" data-e-type=\"widget\" data-widget_type=\"text-editor.default\">\n\t\t\t\t<div class=\"elementor-widget-container\">\n\t\t\t\t\t\t\t\t\t<p>Izvr\u0161ite NAPLATU U KRIPTOVALUTAMA za va\u0161u maloprodaju<\/p>\t\t\t\t\t\t\t\t<\/div>\n\t\t\t\t<\/div>\n\t\t\t\t\t<\/div>\n\t\t<\/div>\n\t\t\t\t<div class=\"elementor-column elementor-col-50 elementor-inner-column elementor-element elementor-element-b12b5c4\" data-id=\"b12b5c4\" data-element_type=\"column\" data-e-type=\"column\" data-settings=\"{&quot;background_background&quot;:&quot;classic&quot;}\">\n\t\t\t<div class=\"elementor-widget-wrap\">\n\t\t\t\t\t\t\t<\/div>\n\t\t<\/div>\n\t\t\t\t\t<\/div>\n\t\t<\/section>\n\t\t\t\t\t<\/div>\n\t\t<\/div>\n\t\t\t\t\t<\/div>\n\t\t<\/section>\n\t\t\t\t<section class=\"elementor-section elementor-top-section elementor-element elementor-element-9d2be30 elementor-section-content-middle elementor-section-boxed elementor-section-height-default elementor-section-height-default\" data-id=\"9d2be30\" data-element_type=\"section\" data-e-type=\"section\" data-settings=\"{&quot;background_background&quot;:&quot;classic&quot;}\">\n\t\t\t\t\t\t<div class=\"elementor-container elementor-column-gap-no\">\n\t\t\t\t\t<div class=\"elementor-column elementor-col-50 elementor-top-column elementor-element elementor-element-4da1fcf\" data-id=\"4da1fcf\" data-element_type=\"column\" data-e-type=\"column\">\n\t\t\t<div class=\"elementor-widget-wrap elementor-element-populated\">\n\t\t\t\t\t\t<div class=\"elementor-element elementor-element-79a8555 elementor-widget elementor-widget-heading\" data-id=\"79a8555\" data-element_type=\"widget\" data-e-type=\"widget\" data-widget_type=\"heading.default\">\n\t\t\t\t<div class=\"elementor-widget-container\">\n\t\t\t\t\t<h2 class=\"elementor-heading-title elementor-size-default\">Trenutno pla\u0107ate prose\u010dno 2,40% naknadu za procesiranje online pla\u0107anja a\nmo\u017eete da imate samo 0,00% naknade<\/h2>\t\t\t\t<\/div>\n\t\t\t\t<\/div>\n\t\t\t\t<div class=\"elementor-element elementor-element-5d73ead elementor-widget-divider--view-line elementor-widget elementor-widget-divider\" data-id=\"5d73ead\" data-element_type=\"widget\" data-e-type=\"widget\" data-widget_type=\"divider.default\">\n\t\t\t\t<div class=\"elementor-widget-container\">\n\t\t\t\t\t\t\t<div class=\"elementor-divider\">\n\t\t\t<span class=\"elementor-divider-separator\">\n\t\t\t\t\t\t<\/span>\n\t\t<\/div>\n\t\t\t\t\t\t<\/div>\n\t\t\t\t<\/div>\n\t\t\t\t\t<\/div>\n\t\t<\/div>\n\t\t\t\t<div class=\"elementor-column elementor-col-50 elementor-top-column elementor-element elementor-element-f96ad5b\" data-id=\"f96ad5b\" data-element_type=\"column\" data-e-type=\"column\" data-settings=\"{&quot;background_background&quot;:&quot;classic&quot;}\">\n\t\t\t<div class=\"elementor-widget-wrap elementor-element-populated\">\n\t\t\t\t\t\t<div class=\"elementor-element elementor-element-a9a9001 elementor-widget elementor-widget-image\" data-id=\"a9a9001\" data-element_type=\"widget\" data-e-type=\"widget\" data-widget_type=\"image.default\">\n\t\t\t\t<div class=\"elementor-widget-container\">\n\t\t\t\t\t\t\t\t\t\t\t\t\t\t\t<img fetchpriority=\"high\" decoding=\"async\" width=\"500\" height=\"333\" src=\"https:\/\/teslacryptocap.com\/wp-content\/uploads\/2022\/05\/div-11-1.jpg\" class=\"attachment-full size-full wp-image-4234\" alt=\"\" srcset=\"https:\/\/teslacryptocap.com\/wp-content\/uploads\/2022\/05\/div-11-1.jpg 500w, https:\/\/teslacryptocap.com\/wp-content\/uploads\/2022\/05\/div-11-1-300x200.jpg 300w, https:\/\/teslacryptocap.com\/wp-content\/uploads\/2022\/05\/div-11-1-18x12.jpg 18w\" sizes=\"(max-width: 500px) 100vw, 500px\" \/>\t\t\t\t\t\t\t\t\t\t\t\t\t\t\t<\/div>\n\t\t\t\t<\/div>\n\t\t\t\t\t<\/div>\n\t\t<\/div>\n\t\t\t\t\t<\/div>\n\t\t<\/section>\n\t\t\t\t<section class=\"elementor-section elementor-top-section elementor-element elementor-element-590a054 elementor-section-content-middle elementor-reverse-mobile elementor-section-boxed elementor-section-height-default elementor-section-height-default\" data-id=\"590a054\" data-element_type=\"section\" data-e-type=\"section\" data-settings=\"{&quot;background_background&quot;:&quot;classic&quot;}\">\n\t\t\t\t\t\t<div class=\"elementor-container elementor-column-gap-no\">\n\t\t\t\t\t<div class=\"elementor-column elementor-col-50 elementor-top-column elementor-element elementor-element-3f221a6\" data-id=\"3f221a6\" data-element_type=\"column\" data-e-type=\"column\" data-settings=\"{&quot;background_background&quot;:&quot;classic&quot;}\">\n\t\t\t<div class=\"elementor-widget-wrap elementor-element-populated\">\n\t\t\t\t\t\t<div class=\"elementor-element elementor-element-162840e elementor-widget elementor-widget-image\" data-id=\"162840e\" data-element_type=\"widget\" data-e-type=\"widget\" data-widget_type=\"image.default\">\n\t\t\t\t<div class=\"elementor-widget-container\">\n\t\t\t\t\t\t\t\t\t\t\t\t\t\t\t<img decoding=\"async\" width=\"500\" height=\"333\" src=\"https:\/\/teslacryptocap.com\/wp-content\/uploads\/2022\/05\/bitcoin-credit-card-pos-terminal-1.jpg\" class=\"attachment-full size-full wp-image-2870\" alt=\"kriptovaluta\" srcset=\"https:\/\/teslacryptocap.com\/wp-content\/uploads\/2022\/05\/bitcoin-credit-card-pos-terminal-1.jpg 500w, https:\/\/teslacryptocap.com\/wp-content\/uploads\/2022\/05\/bitcoin-credit-card-pos-terminal-1-300x200.jpg 300w\" sizes=\"(max-width: 500px) 100vw, 500px\" \/>\t\t\t\t\t\t\t\t\t\t\t\t\t\t\t<\/div>\n\t\t\t\t<\/div>\n\t\t\t\t\t<\/div>\n\t\t<\/div>\n\t\t\t\t<div class=\"elementor-column elementor-col-50 elementor-top-column elementor-element elementor-element-0a46804\" data-id=\"0a46804\" data-element_type=\"column\" data-e-type=\"column\">\n\t\t\t<div class=\"elementor-widget-wrap elementor-element-populated\">\n\t\t\t\t\t\t<div class=\"elementor-element elementor-element-74df58d elementor-widget elementor-widget-heading\" data-id=\"74df58d\" data-element_type=\"widget\" data-e-type=\"widget\" data-widget_type=\"heading.default\">\n\t\t\t\t<div class=\"elementor-widget-container\">\n\t\t\t\t\t<h2 class=\"elementor-heading-title elementor-size-default\">Svako pravno lice koje je verifikovano na #TeslaCrypto platformi automatski ispunjava uslove za #CryptoPal procesiranje pla\u0107anja<\/h2>\t\t\t\t<\/div>\n\t\t\t\t<\/div>\n\t\t\t\t<div class=\"elementor-element elementor-element-d5b8655 elementor-widget-divider--view-line elementor-widget elementor-widget-divider\" data-id=\"d5b8655\" data-element_type=\"widget\" data-e-type=\"widget\" data-widget_type=\"divider.default\">\n\t\t\t\t<div class=\"elementor-widget-container\">\n\t\t\t\t\t\t\t<div class=\"elementor-divider\">\n\t\t\t<span class=\"elementor-divider-separator\">\n\t\t\t\t\t\t<\/span>\n\t\t<\/div>\n\t\t\t\t\t\t<\/div>\n\t\t\t\t<\/div>\n\t\t\t\t\t<\/div>\n\t\t<\/div>\n\t\t\t\t\t<\/div>\n\t\t<\/section>\n\t\t\t\t<section class=\"elementor-section elementor-top-section elementor-element elementor-element-b3297c8 elementor-section-content-middle elementor-section-boxed elementor-section-height-default elementor-section-height-default\" data-id=\"b3297c8\" data-element_type=\"section\" data-e-type=\"section\" data-settings=\"{&quot;background_background&quot;:&quot;classic&quot;}\">\n\t\t\t\t\t\t<div class=\"elementor-container elementor-column-gap-no\">\n\t\t\t\t\t<div class=\"elementor-column elementor-col-100 elementor-top-column elementor-element elementor-element-9d103b9\" data-id=\"9d103b9\" data-element_type=\"column\" data-e-type=\"column\">\n\t\t\t<div class=\"elementor-widget-wrap elementor-element-populated\">\n\t\t\t\t\t\t<div class=\"elementor-element elementor-element-73b6937 elementor-widget elementor-widget-heading\" data-id=\"73b6937\" data-element_type=\"widget\" data-e-type=\"widget\" data-widget_type=\"heading.default\">\n\t\t\t\t<div class=\"elementor-widget-container\">\n\t\t\t\t\t<h2 class=\"elementor-heading-title elementor-size-default\">Start using CryptoPal <\/h2>\t\t\t\t<\/div>\n\t\t\t\t<\/div>\n\t\t\t\t\t<\/div>\n\t\t<\/div>\n\t\t\t\t\t<\/div>\n\t\t<\/section>\n\t\t\t\t<\/div>","protected":false},"excerpt":{"rendered":"<p>Kako PRODAVCI da u\u0161tede SVIH 100% na Payment Processing naknadama? Izvr\u0161ite NAPLATU U KRIPTOVALUTAMA za va\u0161u maloprodaju Trenutno pla\u0107ate prose\u010dno 2,40% naknadu za procesiranje online pla\u0107anja a mo\u017eete da imate samo 0,00% naknade Svako pravno lice koje je verifikovano na #TeslaCrypto platformi automatski ispunjava uslove za #CryptoPal procesiranje pla\u0107anja Po\u010dni da koristi\u0161 CryptoPal<\/p>","protected":false},"author":1,"featured_media":0,"parent":0,"menu_order":0,"comment_status":"closed","ping_status":"closed","template":"elementor_header_footer","meta":{"footnotes":""},"class_list":["post-107","page","type-page","status-publish","hentry"],"blocksy_meta":{"styles_descriptor":{"styles":{"desktop":"","tablet":"","mobile":""},"google_fonts":[],"version":6}},"yoast_head":"<!-- This site is optimized with the Yoast SEO plugin v27.4 - https:\/\/yoast.com\/product\/yoast-seo-wordpress\/ -->\n<title>Web shop | Tesla CryptoCap<\/title>\n<meta name=\"description\" content=\"Kako PRODAVCI da u\u0161tede SVIH 100% na Payment Processing naknadama? Izvr\u0161ite NAPLATU U KRIPTOVALUTAMA za va\u0161u maloprodaju Trenutno pla\u0107ate prose\u010dno 2,40%\" \/>\n<meta name=\"robots\" content=\"index, follow, max-snippet:-1, max-image-preview:large, max-video-preview:-1\" \/>\n<link rel=\"canonical\" href=\"https:\/\/teslacryptocap.com\/en\/online-prodaja\/\" \/>\n<meta property=\"og:locale\" content=\"en_US\" \/>\n<meta property=\"og:type\" content=\"article\" \/>\n<meta property=\"og:title\" content=\"Web shop | Tesla CryptoCap\" \/>\n<meta property=\"og:description\" content=\"Kako PRODAVCI da u\u0161tede SVIH 100% na Payment Processing naknadama? Izvr\u0161ite NAPLATU U KRIPTOVALUTAMA za va\u0161u maloprodaju Trenutno pla\u0107ate prose\u010dno 2,40%\" \/>\n<meta property=\"og:url\" content=\"https:\/\/teslacryptocap.com\/en\/online-prodaja\/\" \/>\n<meta property=\"og:site_name\" content=\"Tesla CryptoCap\" \/>\n<meta property=\"article:publisher\" content=\"https:\/\/www.facebook.com\/TeslaCryptoCap\" \/>\n<meta property=\"article:modified_time\" content=\"2026-02-20T15:09:22+00:00\" \/>\n<meta property=\"og:image\" content=\"https:\/\/teslacryptocap.com\/wp-content\/uploads\/2022\/05\/div-11-1.jpg\" \/>\n\t<meta property=\"og:image:width\" content=\"500\" \/>\n\t<meta property=\"og:image:height\" content=\"333\" \/>\n\t<meta property=\"og:image:type\" content=\"image\/jpeg\" \/>\n<meta name=\"twitter:card\" content=\"summary_large_image\" \/>\n<meta name=\"twitter:site\" content=\"@TCryptocap\" \/>\n<meta name=\"twitter:label1\" content=\"Est. reading time\" \/>\n\t<meta name=\"twitter:data1\" content=\"2 minutes\" \/>\n<script type=\"application\/ld+json\" class=\"yoast-schema-graph\">{\"@context\":\"https:\\\/\\\/schema.org\",\"@graph\":[{\"@type\":\"WebPage\",\"@id\":\"https:\\\/\\\/teslacryptocap.com\\\/online-prodaja\\\/\",\"url\":\"https:\\\/\\\/teslacryptocap.com\\\/online-prodaja\\\/\",\"name\":\"Web shop | Tesla CryptoCap\",\"isPartOf\":{\"@id\":\"https:\\\/\\\/teslacryptocap.com\\\/#website\"},\"primaryImageOfPage\":{\"@id\":\"https:\\\/\\\/teslacryptocap.com\\\/online-prodaja\\\/#primaryimage\"},\"image\":{\"@id\":\"https:\\\/\\\/teslacryptocap.com\\\/online-prodaja\\\/#primaryimage\"},\"thumbnailUrl\":\"https:\\\/\\\/teslacryptocap.com\\\/wp-content\\\/uploads\\\/2022\\\/05\\\/div-11-1.jpg\",\"datePublished\":\"2022-03-24T10:15:07+00:00\",\"dateModified\":\"2026-02-20T15:09:22+00:00\",\"description\":\"Kako PRODAVCI da u\u0161tede SVIH 100% na Payment Processing naknadama? Izvr\u0161ite NAPLATU U KRIPTOVALUTAMA za va\u0161u maloprodaju Trenutno pla\u0107ate prose\u010dno 2,40%\",\"breadcrumb\":{\"@id\":\"https:\\\/\\\/teslacryptocap.com\\\/online-prodaja\\\/#breadcrumb\"},\"inLanguage\":\"en-US\",\"potentialAction\":[{\"@type\":\"ReadAction\",\"target\":[\"https:\\\/\\\/teslacryptocap.com\\\/online-prodaja\\\/\"]}]},{\"@type\":\"ImageObject\",\"inLanguage\":\"en-US\",\"@id\":\"https:\\\/\\\/teslacryptocap.com\\\/online-prodaja\\\/#primaryimage\",\"url\":\"https:\\\/\\\/teslacryptocap.com\\\/wp-content\\\/uploads\\\/2022\\\/05\\\/div-11-1.jpg\",\"contentUrl\":\"https:\\\/\\\/teslacryptocap.com\\\/wp-content\\\/uploads\\\/2022\\\/05\\\/div-11-1.jpg\"},{\"@type\":\"BreadcrumbList\",\"@id\":\"https:\\\/\\\/teslacryptocap.com\\\/online-prodaja\\\/#breadcrumb\",\"itemListElement\":[{\"@type\":\"ListItem\",\"position\":1,\"name\":\"Po\u010detna\",\"item\":\"https:\\\/\\\/teslacryptocap.com\\\/\"},{\"@type\":\"ListItem\",\"position\":2,\"name\":\"Web shop\"}]},{\"@type\":\"WebSite\",\"@id\":\"https:\\\/\\\/teslacryptocap.com\\\/#website\",\"url\":\"https:\\\/\\\/teslacryptocap.com\\\/\",\"name\":\"Tesla CryptoCap\",\"description\":\"Menja\u010dnica kriptovaluta\",\"publisher\":{\"@id\":\"https:\\\/\\\/teslacryptocap.com\\\/#organization\"},\"potentialAction\":[{\"@type\":\"SearchAction\",\"target\":{\"@type\":\"EntryPoint\",\"urlTemplate\":\"https:\\\/\\\/teslacryptocap.com\\\/?s={search_term_string}\"},\"query-input\":{\"@type\":\"PropertyValueSpecification\",\"valueRequired\":true,\"valueName\":\"search_term_string\"}}],\"inLanguage\":\"en-US\"},{\"@type\":\"Organization\",\"@id\":\"https:\\\/\\\/teslacryptocap.com\\\/#organization\",\"name\":\"TeslaCrypto Cap\",\"url\":\"https:\\\/\\\/teslacryptocap.com\\\/\",\"logo\":{\"@type\":\"ImageObject\",\"inLanguage\":\"en-US\",\"@id\":\"https:\\\/\\\/teslacryptocap.com\\\/#\\\/schema\\\/logo\\\/image\\\/\",\"url\":\"https:\\\/\\\/teslacryptocap.com\\\/wp-content\\\/uploads\\\/2022\\\/06\\\/Untitled-1.png\",\"contentUrl\":\"https:\\\/\\\/teslacryptocap.com\\\/wp-content\\\/uploads\\\/2022\\\/06\\\/Untitled-1.png\",\"width\":5001,\"height\":2617,\"caption\":\"TeslaCrypto Cap\"},\"image\":{\"@id\":\"https:\\\/\\\/teslacryptocap.com\\\/#\\\/schema\\\/logo\\\/image\\\/\"},\"sameAs\":[\"https:\\\/\\\/www.facebook.com\\\/TeslaCryptoCap\",\"https:\\\/\\\/x.com\\\/TCryptocap\",\"https:\\\/\\\/www.instagram.com\\\/teslacryptocap\\\/\"]}]}<\/script>\n<!-- \/ Yoast SEO plugin. -->","yoast_head_json":{"title":"Web shop | Tesla CryptoCap","description":"Kako PRODAVCI da u\u0161tede SVIH 100% na Payment Processing naknadama? Izvr\u0161ite NAPLATU U KRIPTOVALUTAMA za va\u0161u maloprodaju Trenutno pla\u0107ate prose\u010dno 2,40%","robots":{"index":"index","follow":"follow","max-snippet":"max-snippet:-1","max-image-preview":"max-image-preview:large","max-video-preview":"max-video-preview:-1"},"canonical":"https:\/\/teslacryptocap.com\/en\/online-prodaja\/","og_locale":"en_US","og_type":"article","og_title":"Web shop | Tesla CryptoCap","og_description":"Kako PRODAVCI da u\u0161tede SVIH 100% na Payment Processing naknadama? Izvr\u0161ite NAPLATU U KRIPTOVALUTAMA za va\u0161u maloprodaju Trenutno pla\u0107ate prose\u010dno 2,40%","og_url":"https:\/\/teslacryptocap.com\/en\/online-prodaja\/","og_site_name":"Tesla CryptoCap","article_publisher":"https:\/\/www.facebook.com\/TeslaCryptoCap","article_modified_time":"2026-02-20T15:09:22+00:00","og_image":[{"width":500,"height":333,"url":"https:\/\/teslacryptocap.com\/wp-content\/uploads\/2022\/05\/div-11-1.jpg","type":"image\/jpeg"}],"twitter_card":"summary_large_image","twitter_site":"@TCryptocap","twitter_misc":{"Est. reading time":"2 minutes"},"schema":{"@context":"https:\/\/schema.org","@graph":[{"@type":"WebPage","@id":"https:\/\/teslacryptocap.com\/online-prodaja\/","url":"https:\/\/teslacryptocap.com\/online-prodaja\/","name":"Web shop | Tesla CryptoCap","isPartOf":{"@id":"https:\/\/teslacryptocap.com\/#website"},"primaryImageOfPage":{"@id":"https:\/\/teslacryptocap.com\/online-prodaja\/#primaryimage"},"image":{"@id":"https:\/\/teslacryptocap.com\/online-prodaja\/#primaryimage"},"thumbnailUrl":"https:\/\/teslacryptocap.com\/wp-content\/uploads\/2022\/05\/div-11-1.jpg","datePublished":"2022-03-24T10:15:07+00:00","dateModified":"2026-02-20T15:09:22+00:00","description":"Kako PRODAVCI da u\u0161tede SVIH 100% na Payment Processing naknadama? Izvr\u0161ite NAPLATU U KRIPTOVALUTAMA za va\u0161u maloprodaju Trenutno pla\u0107ate prose\u010dno 2,40%","breadcrumb":{"@id":"https:\/\/teslacryptocap.com\/online-prodaja\/#breadcrumb"},"inLanguage":"en-US","potentialAction":[{"@type":"ReadAction","target":["https:\/\/teslacryptocap.com\/online-prodaja\/"]}]},{"@type":"ImageObject","inLanguage":"en-US","@id":"https:\/\/teslacryptocap.com\/online-prodaja\/#primaryimage","url":"https:\/\/teslacryptocap.com\/wp-content\/uploads\/2022\/05\/div-11-1.jpg","contentUrl":"https:\/\/teslacryptocap.com\/wp-content\/uploads\/2022\/05\/div-11-1.jpg"},{"@type":"BreadcrumbList","@id":"https:\/\/teslacryptocap.com\/online-prodaja\/#breadcrumb","itemListElement":[{"@type":"ListItem","position":1,"name":"Po\u010detna","item":"https:\/\/teslacryptocap.com\/"},{"@type":"ListItem","position":2,"name":"Web shop"}]},{"@type":"WebSite","@id":"https:\/\/teslacryptocap.com\/#website","url":"https:\/\/teslacryptocap.com\/","name":"Tesla CryptoCap","description":"Menja\u010dnica kriptovaluta","publisher":{"@id":"https:\/\/teslacryptocap.com\/#organization"},"potentialAction":[{"@type":"SearchAction","target":{"@type":"EntryPoint","urlTemplate":"https:\/\/teslacryptocap.com\/?s={search_term_string}"},"query-input":{"@type":"PropertyValueSpecification","valueRequired":true,"valueName":"search_term_string"}}],"inLanguage":"en-US"},{"@type":"Organization","@id":"https:\/\/teslacryptocap.com\/#organization","name":"TeslaCrypto Cap","url":"https:\/\/teslacryptocap.com\/","logo":{"@type":"ImageObject","inLanguage":"en-US","@id":"https:\/\/teslacryptocap.com\/#\/schema\/logo\/image\/","url":"https:\/\/teslacryptocap.com\/wp-content\/uploads\/2022\/06\/Untitled-1.png","contentUrl":"https:\/\/teslacryptocap.com\/wp-content\/uploads\/2022\/06\/Untitled-1.png","width":5001,"height":2617,"caption":"TeslaCrypto Cap"},"image":{"@id":"https:\/\/teslacryptocap.com\/#\/schema\/logo\/image\/"},"sameAs":["https:\/\/www.facebook.com\/TeslaCryptoCap","https:\/\/x.com\/TCryptocap","https:\/\/www.instagram.com\/teslacryptocap\/"]}]}},"_links":{"self":[{"href":"https:\/\/teslacryptocap.com\/en\/wp-json\/wp\/v2\/pages\/107","targetHints":{"allow":["GET"]}}],"collection":[{"href":"https:\/\/teslacryptocap.com\/en\/wp-json\/wp\/v2\/pages"}],"about":[{"href":"https:\/\/teslacryptocap.com\/en\/wp-json\/wp\/v2\/types\/page"}],"author":[{"embeddable":true,"href":"https:\/\/teslacryptocap.com\/en\/wp-json\/wp\/v2\/users\/1"}],"replies":[{"embeddable":true,"href":"https:\/\/teslacryptocap.com\/en\/wp-json\/wp\/v2\/comments?post=107"}],"version-history":[{"count":80,"href":"https:\/\/teslacryptocap.com\/en\/wp-json\/wp\/v2\/pages\/107\/revisions"}],"predecessor-version":[{"id":8024,"href":"https:\/\/teslacryptocap.com\/en\/wp-json\/wp\/v2\/pages\/107\/revisions\/8024"}],"wp:attachment":[{"href":"https:\/\/teslacryptocap.com\/en\/wp-json\/wp\/v2\/media?parent=107"}],"curies":[{"name":"wp","href":"https:\/\/api.w.org\/{rel}","templated":true}]}}