{"id":108,"date":"2022-03-24T11:15:16","date_gmt":"2022-03-24T10:15:16","guid":{"rendered":"http:\/\/localhost\/chile\/wordpress\/?page_id=108"},"modified":"2026-02-20T16:09:36","modified_gmt":"2026-02-20T15:09:36","slug":"prodavnica","status":"publish","type":"page","link":"https:\/\/teslacryptocap.com\/en\/prodavnica\/","title":{"rendered":"Shop"},"content":{"rendered":"<div data-elementor-type=\"wp-page\" data-elementor-id=\"108\" class=\"elementor elementor-108\">\n\t\t\t\t\t\t<section class=\"elementor-section elementor-top-section elementor-element elementor-element-dd58533 elementor-section-content-middle elementor-reverse-mobile ct-section-stretched elementor-section-height-min-height elementor-section-boxed elementor-section-height-default elementor-section-items-middle\" data-id=\"dd58533\" data-element_type=\"section\" data-e-type=\"section\" data-settings=\"{&quot;background_background&quot;:&quot;classic&quot;}\">\n\t\t\t\t\t\t\t<div class=\"elementor-background-overlay\"><\/div>\n\t\t\t\t\t\t\t<div class=\"elementor-container elementor-column-gap-no\">\n\t\t\t\t\t<div class=\"elementor-column elementor-col-100 elementor-top-column elementor-element elementor-element-0205ea3\" data-id=\"0205ea3\" data-element_type=\"column\" data-e-type=\"column\">\n\t\t\t<div class=\"elementor-widget-wrap elementor-element-populated\">\n\t\t\t\t\t\t<section class=\"elementor-section elementor-inner-section elementor-element elementor-element-693bfb6 elementor-section-content-middle elementor-section-boxed elementor-section-height-default elementor-section-height-default elementor-invisible\" data-id=\"693bfb6\" data-element_type=\"section\" data-e-type=\"section\" data-settings=\"{&quot;animation&quot;:&quot;fadeIn&quot;}\">\n\t\t\t\t\t\t<div class=\"elementor-container elementor-column-gap-default\">\n\t\t\t\t\t<div class=\"elementor-column elementor-col-50 elementor-inner-column elementor-element elementor-element-a13bd79\" data-id=\"a13bd79\" data-element_type=\"column\" data-e-type=\"column\" data-settings=\"{&quot;background_background&quot;:&quot;classic&quot;}\">\n\t\t\t<div class=\"elementor-widget-wrap elementor-element-populated\">\n\t\t\t\t\t\t<div class=\"elementor-element elementor-element-8a52588 elementor-widget elementor-widget-heading\" data-id=\"8a52588\" data-element_type=\"widget\" data-e-type=\"widget\" data-widget_type=\"heading.default\">\n\t\t\t\t<div class=\"elementor-widget-container\">\n\t\t\t\t\t<h2 class=\"elementor-heading-title elementor-size-default\">Prijem KRIPTO uplata u ROKU OD 48h<\/h2>\t\t\t\t<\/div>\n\t\t\t\t<\/div>\n\t\t\t\t<div class=\"elementor-element elementor-element-b7d0133 elementor-widget-divider--view-line elementor-widget elementor-widget-divider\" data-id=\"b7d0133\" data-element_type=\"widget\" data-e-type=\"widget\" data-widget_type=\"divider.default\">\n\t\t\t\t<div class=\"elementor-widget-container\">\n\t\t\t\t\t\t\t<div class=\"elementor-divider\">\n\t\t\t<span class=\"elementor-divider-separator\">\n\t\t\t\t\t\t<\/span>\n\t\t<\/div>\n\t\t\t\t\t\t<\/div>\n\t\t\t\t<\/div>\n\t\t\t\t<div class=\"elementor-element elementor-element-72645a9 elementor-widget elementor-widget-text-editor\" data-id=\"72645a9\" data-element_type=\"widget\" data-e-type=\"widget\" data-widget_type=\"text-editor.default\">\n\t\t\t\t<div class=\"elementor-widget-container\">\n\t\t\t\t\t\t\t\t\t<p>No forms, No restrictions, No bans, No complaints and refunds<\/p>\t\t\t\t\t\t\t\t<\/div>\n\t\t\t\t<\/div>\n\t\t\t\t\t<\/div>\n\t\t<\/div>\n\t\t\t\t<div class=\"elementor-column elementor-col-50 elementor-inner-column elementor-element elementor-element-6bae57f\" data-id=\"6bae57f\" data-element_type=\"column\" data-e-type=\"column\" data-settings=\"{&quot;background_background&quot;:&quot;classic&quot;}\">\n\t\t\t<div class=\"elementor-widget-wrap\">\n\t\t\t\t\t\t\t<\/div>\n\t\t<\/div>\n\t\t\t\t\t<\/div>\n\t\t<\/section>\n\t\t\t\t\t<\/div>\n\t\t<\/div>\n\t\t\t\t\t<\/div>\n\t\t<\/section>\n\t\t\t\t<section class=\"elementor-section elementor-top-section elementor-element elementor-element-5c33c16 elementor-section-content-middle elementor-section-boxed elementor-section-height-default elementor-section-height-default\" data-id=\"5c33c16\" data-element_type=\"section\" data-e-type=\"section\" data-settings=\"{&quot;background_background&quot;:&quot;classic&quot;}\">\n\t\t\t\t\t\t<div class=\"elementor-container elementor-column-gap-no\">\n\t\t\t\t\t<div class=\"elementor-column elementor-col-50 elementor-top-column elementor-element elementor-element-7f45e6c\" data-id=\"7f45e6c\" data-element_type=\"column\" data-e-type=\"column\">\n\t\t\t<div class=\"elementor-widget-wrap elementor-element-populated\">\n\t\t\t\t\t\t<div class=\"elementor-element elementor-element-32fefa2 elementor-widget elementor-widget-heading\" data-id=\"32fefa2\" data-element_type=\"widget\" data-e-type=\"widget\" data-widget_type=\"heading.default\">\n\t\t\t\t<div class=\"elementor-widget-container\">\n\t\t\t\t\t<h2 class=\"elementor-heading-title elementor-size-default\">Potrebna vam je samo internet konekcija na va\u0161em mobilnom telefonu i mo\u017eete po\u010deti sa naplatom, direktno na va\u0161em prodajnom mestu preko #CryptoPal procesora pla\u0107anja<\/h2>\t\t\t\t<\/div>\n\t\t\t\t<\/div>\n\t\t\t\t<div class=\"elementor-element elementor-element-35f06ef elementor-widget-divider--view-line elementor-widget elementor-widget-divider\" data-id=\"35f06ef\" data-element_type=\"widget\" data-e-type=\"widget\" data-widget_type=\"divider.default\">\n\t\t\t\t<div class=\"elementor-widget-container\">\n\t\t\t\t\t\t\t<div class=\"elementor-divider\">\n\t\t\t<span class=\"elementor-divider-separator\">\n\t\t\t\t\t\t<\/span>\n\t\t<\/div>\n\t\t\t\t\t\t<\/div>\n\t\t\t\t<\/div>\n\t\t\t\t\t<\/div>\n\t\t<\/div>\n\t\t\t\t<div class=\"elementor-column elementor-col-50 elementor-top-column elementor-element elementor-element-0647540\" data-id=\"0647540\" data-element_type=\"column\" data-e-type=\"column\" data-settings=\"{&quot;background_background&quot;:&quot;classic&quot;}\">\n\t\t\t<div class=\"elementor-widget-wrap elementor-element-populated\">\n\t\t\t\t\t\t<div class=\"elementor-element elementor-element-29c3d43 elementor-widget elementor-widget-image\" data-id=\"29c3d43\" data-element_type=\"widget\" data-e-type=\"widget\" data-widget_type=\"image.default\">\n\t\t\t\t<div class=\"elementor-widget-container\">\n\t\t\t\t\t\t\t\t\t\t\t\t\t\t\t<img fetchpriority=\"high\" decoding=\"async\" width=\"2560\" height=\"1540\" src=\"https:\/\/teslacryptocap.com\/wp-content\/uploads\/2022\/06\/cropped-image-woman-inputting-card-information-key-phone-laptop-while-shopping-online-scaled.jpg\" class=\"attachment-full size-full wp-image-4401\" alt=\"\" srcset=\"https:\/\/teslacryptocap.com\/wp-content\/uploads\/2022\/06\/cropped-image-woman-inputting-card-information-key-phone-laptop-while-shopping-online-scaled.jpg 2560w, https:\/\/teslacryptocap.com\/wp-content\/uploads\/2022\/06\/cropped-image-woman-inputting-card-information-key-phone-laptop-while-shopping-online-300x181.jpg 300w, https:\/\/teslacryptocap.com\/wp-content\/uploads\/2022\/06\/cropped-image-woman-inputting-card-information-key-phone-laptop-while-shopping-online-1024x616.jpg 1024w, https:\/\/teslacryptocap.com\/wp-content\/uploads\/2022\/06\/cropped-image-woman-inputting-card-information-key-phone-laptop-while-shopping-online-768x462.jpg 768w, https:\/\/teslacryptocap.com\/wp-content\/uploads\/2022\/06\/cropped-image-woman-inputting-card-information-key-phone-laptop-while-shopping-online-1536x924.jpg 1536w, https:\/\/teslacryptocap.com\/wp-content\/uploads\/2022\/06\/cropped-image-woman-inputting-card-information-key-phone-laptop-while-shopping-online-2048x1232.jpg 2048w, https:\/\/teslacryptocap.com\/wp-content\/uploads\/2022\/06\/cropped-image-woman-inputting-card-information-key-phone-laptop-while-shopping-online-18x12.jpg 18w\" sizes=\"(max-width: 2560px) 100vw, 2560px\" \/>\t\t\t\t\t\t\t\t\t\t\t\t\t\t\t<\/div>\n\t\t\t\t<\/div>\n\t\t\t\t\t<\/div>\n\t\t<\/div>\n\t\t\t\t\t<\/div>\n\t\t<\/section>\n\t\t\t\t<section class=\"elementor-section elementor-top-section elementor-element elementor-element-bf7925d elementor-section-content-middle elementor-reverse-mobile elementor-section-boxed elementor-section-height-default elementor-section-height-default\" data-id=\"bf7925d\" data-element_type=\"section\" data-e-type=\"section\" data-settings=\"{&quot;background_background&quot;:&quot;classic&quot;}\">\n\t\t\t\t\t\t<div class=\"elementor-container elementor-column-gap-no\">\n\t\t\t\t\t<div class=\"elementor-column elementor-col-50 elementor-top-column elementor-element elementor-element-ac6af6d\" data-id=\"ac6af6d\" data-element_type=\"column\" data-e-type=\"column\" data-settings=\"{&quot;background_background&quot;:&quot;classic&quot;}\">\n\t\t\t<div class=\"elementor-widget-wrap elementor-element-populated\">\n\t\t\t\t\t\t<div class=\"elementor-element elementor-element-d903879 elementor-widget elementor-widget-image\" data-id=\"d903879\" data-element_type=\"widget\" data-e-type=\"widget\" data-widget_type=\"image.default\">\n\t\t\t\t<div class=\"elementor-widget-container\">\n\t\t\t\t\t\t\t\t\t\t\t\t\t\t\t<img decoding=\"async\" width=\"500\" height=\"333\" src=\"https:\/\/teslacryptocap.com\/wp-content\/uploads\/2022\/05\/div1-1.jpg\" class=\"attachment-full size-full wp-image-2867\" alt=\"kriptovaluta\" srcset=\"https:\/\/teslacryptocap.com\/wp-content\/uploads\/2022\/05\/div1-1.jpg 500w, https:\/\/teslacryptocap.com\/wp-content\/uploads\/2022\/05\/div1-1-300x200.jpg 300w\" sizes=\"(max-width: 500px) 100vw, 500px\" \/>\t\t\t\t\t\t\t\t\t\t\t\t\t\t\t<\/div>\n\t\t\t\t<\/div>\n\t\t\t\t\t<\/div>\n\t\t<\/div>\n\t\t\t\t<div class=\"elementor-column elementor-col-50 elementor-top-column elementor-element elementor-element-7550c00\" data-id=\"7550c00\" data-element_type=\"column\" data-e-type=\"column\">\n\t\t\t<div class=\"elementor-widget-wrap elementor-element-populated\">\n\t\t\t\t\t\t<div class=\"elementor-element elementor-element-1351377 elementor-widget elementor-widget-heading\" data-id=\"1351377\" data-element_type=\"widget\" data-e-type=\"widget\" data-widget_type=\"heading.default\">\n\t\t\t\t<div class=\"elementor-widget-container\">\n\t\t\t\t\t<h2 class=\"elementor-heading-title elementor-size-default\">Jednostavno startovanje rada na svakoj online prodavnice uz samo par koraka integri\u0161ete na\u0161 Widget ili Plugin i spremni ste za naplatu preko #CryptoPal procesora pla\u0107anja<\/h2>\t\t\t\t<\/div>\n\t\t\t\t<\/div>\n\t\t\t\t<div class=\"elementor-element elementor-element-ebc8111 elementor-widget-divider--view-line elementor-widget elementor-widget-divider\" data-id=\"ebc8111\" data-element_type=\"widget\" data-e-type=\"widget\" data-widget_type=\"divider.default\">\n\t\t\t\t<div class=\"elementor-widget-container\">\n\t\t\t\t\t\t\t<div class=\"elementor-divider\">\n\t\t\t<span class=\"elementor-divider-separator\">\n\t\t\t\t\t\t<\/span>\n\t\t<\/div>\n\t\t\t\t\t\t<\/div>\n\t\t\t\t<\/div>\n\t\t\t\t\t<\/div>\n\t\t<\/div>\n\t\t\t\t\t<\/div>\n\t\t<\/section>\n\t\t\t\t<section class=\"elementor-section elementor-top-section elementor-element elementor-element-2d7fd70 elementor-section-content-middle elementor-section-boxed elementor-section-height-default elementor-section-height-default\" data-id=\"2d7fd70\" data-element_type=\"section\" data-e-type=\"section\" data-settings=\"{&quot;background_background&quot;:&quot;classic&quot;}\">\n\t\t\t\t\t\t<div class=\"elementor-container elementor-column-gap-no\">\n\t\t\t\t\t<div class=\"elementor-column elementor-col-100 elementor-top-column elementor-element elementor-element-c5c8415\" data-id=\"c5c8415\" data-element_type=\"column\" data-e-type=\"column\">\n\t\t\t<div class=\"elementor-widget-wrap elementor-element-populated\">\n\t\t\t\t\t\t<div class=\"elementor-element elementor-element-b5c054b elementor-widget elementor-widget-heading\" data-id=\"b5c054b\" data-element_type=\"widget\" data-e-type=\"widget\" data-widget_type=\"heading.default\">\n\t\t\t\t<div class=\"elementor-widget-container\">\n\t\t\t\t\t<h2 class=\"elementor-heading-title elementor-size-default\">Start using CryptoPal <\/h2>\t\t\t\t<\/div>\n\t\t\t\t<\/div>\n\t\t\t\t\t<\/div>\n\t\t<\/div>\n\t\t\t\t\t<\/div>\n\t\t<\/section>\n\t\t\t\t<\/div>","protected":false},"excerpt":{"rendered":"<p>Prijem KRIPTO uplata u ROKU OD 48h Bez formulara, Bez ograni\u010denja, Bez zabrana, Bez reklamacija i povrata uplata Potrebna vam je samo internet konekcija na va\u0161em mobilnom telefonu i mo\u017eete po\u010deti sa naplatom, direktno na va\u0161em prodajnom mestu preko #CryptoPal procesora pla\u0107anja Jednostavno startovanje rada na svakoj online prodavnice uz samo par koraka integri\u0161ete na\u0161 [&hellip;]<\/p>\n","protected":false},"author":1,"featured_media":0,"parent":0,"menu_order":0,"comment_status":"closed","ping_status":"closed","template":"elementor_header_footer","meta":{"footnotes":""},"class_list":["post-108","page","type-page","status-publish","hentry"],"blocksy_meta":{"styles_descriptor":{"styles":{"desktop":"","tablet":"","mobile":""},"google_fonts":[],"version":6}},"yoast_head":"<!-- This site is optimized with the Yoast SEO plugin v27.4 - https:\/\/yoast.com\/product\/yoast-seo-wordpress\/ -->\n<title>Prodavnica | Tesla CryptoCap<\/title>\n<meta name=\"description\" content=\"Prijem kripto uplata u ROKU OD 48h. Bez formulara, Bez ograni\u010denja, Bez zabrana, Bez reklamacija i povrata uplata.\" \/>\n<meta name=\"robots\" content=\"index, follow, max-snippet:-1, max-image-preview:large, max-video-preview:-1\" \/>\n<link rel=\"canonical\" href=\"https:\/\/teslacryptocap.com\/en\/prodavnica\/\" \/>\n<meta property=\"og:locale\" content=\"en_US\" \/>\n<meta property=\"og:type\" content=\"article\" \/>\n<meta property=\"og:title\" content=\"Prodavnica | Tesla CryptoCap\" \/>\n<meta property=\"og:description\" content=\"Prijem kripto uplata u ROKU OD 48h. Bez formulara, Bez ograni\u010denja, Bez zabrana, Bez reklamacija i povrata uplata.\" \/>\n<meta property=\"og:url\" content=\"https:\/\/teslacryptocap.com\/en\/prodavnica\/\" \/>\n<meta property=\"og:site_name\" content=\"Tesla CryptoCap\" \/>\n<meta property=\"article:publisher\" content=\"https:\/\/www.facebook.com\/TeslaCryptoCap\" \/>\n<meta property=\"article:modified_time\" content=\"2026-02-20T15:09:36+00:00\" \/>\n<meta property=\"og:image\" content=\"https:\/\/teslacryptocap.com\/wp-content\/uploads\/2022\/06\/cropped-image-woman-inputting-card-information-key-phone-laptop-while-shopping-online-scaled.jpg\" \/>\n\t<meta property=\"og:image:width\" content=\"2560\" \/>\n\t<meta property=\"og:image:height\" content=\"1540\" \/>\n\t<meta property=\"og:image:type\" content=\"image\/jpeg\" \/>\n<meta name=\"twitter:card\" content=\"summary_large_image\" \/>\n<meta name=\"twitter:site\" content=\"@TCryptocap\" \/>\n<meta name=\"twitter:label1\" content=\"Est. reading time\" \/>\n\t<meta name=\"twitter:data1\" content=\"2 minutes\" \/>\n<script type=\"application\/ld+json\" class=\"yoast-schema-graph\">{\"@context\":\"https:\\\/\\\/schema.org\",\"@graph\":[{\"@type\":\"WebPage\",\"@id\":\"https:\\\/\\\/teslacryptocap.com\\\/prodavnica\\\/\",\"url\":\"https:\\\/\\\/teslacryptocap.com\\\/prodavnica\\\/\",\"name\":\"Prodavnica | Tesla CryptoCap\",\"isPartOf\":{\"@id\":\"https:\\\/\\\/teslacryptocap.com\\\/#website\"},\"primaryImageOfPage\":{\"@id\":\"https:\\\/\\\/teslacryptocap.com\\\/prodavnica\\\/#primaryimage\"},\"image\":{\"@id\":\"https:\\\/\\\/teslacryptocap.com\\\/prodavnica\\\/#primaryimage\"},\"thumbnailUrl\":\"https:\\\/\\\/teslacryptocap.com\\\/wp-content\\\/uploads\\\/2022\\\/06\\\/cropped-image-woman-inputting-card-information-key-phone-laptop-while-shopping-online-scaled.jpg\",\"datePublished\":\"2022-03-24T10:15:16+00:00\",\"dateModified\":\"2026-02-20T15:09:36+00:00\",\"description\":\"Prijem kripto uplata u ROKU OD 48h. Bez formulara, Bez ograni\u010denja, Bez zabrana, Bez reklamacija i povrata uplata.\",\"breadcrumb\":{\"@id\":\"https:\\\/\\\/teslacryptocap.com\\\/prodavnica\\\/#breadcrumb\"},\"inLanguage\":\"en-US\",\"potentialAction\":[{\"@type\":\"ReadAction\",\"target\":[\"https:\\\/\\\/teslacryptocap.com\\\/prodavnica\\\/\"]}]},{\"@type\":\"ImageObject\",\"inLanguage\":\"en-US\",\"@id\":\"https:\\\/\\\/teslacryptocap.com\\\/prodavnica\\\/#primaryimage\",\"url\":\"https:\\\/\\\/teslacryptocap.com\\\/wp-content\\\/uploads\\\/2022\\\/06\\\/cropped-image-woman-inputting-card-information-key-phone-laptop-while-shopping-online-scaled.jpg\",\"contentUrl\":\"https:\\\/\\\/teslacryptocap.com\\\/wp-content\\\/uploads\\\/2022\\\/06\\\/cropped-image-woman-inputting-card-information-key-phone-laptop-while-shopping-online-scaled.jpg\"},{\"@type\":\"BreadcrumbList\",\"@id\":\"https:\\\/\\\/teslacryptocap.com\\\/prodavnica\\\/#breadcrumb\",\"itemListElement\":[{\"@type\":\"ListItem\",\"position\":1,\"name\":\"Po\u010detna\",\"item\":\"https:\\\/\\\/teslacryptocap.com\\\/\"},{\"@type\":\"ListItem\",\"position\":2,\"name\":\"Prodavnica\"}]},{\"@type\":\"WebSite\",\"@id\":\"https:\\\/\\\/teslacryptocap.com\\\/#website\",\"url\":\"https:\\\/\\\/teslacryptocap.com\\\/\",\"name\":\"Tesla CryptoCap\",\"description\":\"Menja\u010dnica kriptovaluta\",\"publisher\":{\"@id\":\"https:\\\/\\\/teslacryptocap.com\\\/#organization\"},\"potentialAction\":[{\"@type\":\"SearchAction\",\"target\":{\"@type\":\"EntryPoint\",\"urlTemplate\":\"https:\\\/\\\/teslacryptocap.com\\\/?s={search_term_string}\"},\"query-input\":{\"@type\":\"PropertyValueSpecification\",\"valueRequired\":true,\"valueName\":\"search_term_string\"}}],\"inLanguage\":\"en-US\"},{\"@type\":\"Organization\",\"@id\":\"https:\\\/\\\/teslacryptocap.com\\\/#organization\",\"name\":\"TeslaCrypto Cap\",\"url\":\"https:\\\/\\\/teslacryptocap.com\\\/\",\"logo\":{\"@type\":\"ImageObject\",\"inLanguage\":\"en-US\",\"@id\":\"https:\\\/\\\/teslacryptocap.com\\\/#\\\/schema\\\/logo\\\/image\\\/\",\"url\":\"https:\\\/\\\/teslacryptocap.com\\\/wp-content\\\/uploads\\\/2022\\\/06\\\/Untitled-1.png\",\"contentUrl\":\"https:\\\/\\\/teslacryptocap.com\\\/wp-content\\\/uploads\\\/2022\\\/06\\\/Untitled-1.png\",\"width\":5001,\"height\":2617,\"caption\":\"TeslaCrypto Cap\"},\"image\":{\"@id\":\"https:\\\/\\\/teslacryptocap.com\\\/#\\\/schema\\\/logo\\\/image\\\/\"},\"sameAs\":[\"https:\\\/\\\/www.facebook.com\\\/TeslaCryptoCap\",\"https:\\\/\\\/x.com\\\/TCryptocap\",\"https:\\\/\\\/www.instagram.com\\\/teslacryptocap\\\/\"]}]}<\/script>\n<!-- \/ Yoast SEO plugin. -->","yoast_head_json":{"title":"Prodavnica | Tesla CryptoCap","description":"Prijem kripto uplata u ROKU OD 48h. Bez formulara, Bez ograni\u010denja, Bez zabrana, Bez reklamacija i povrata uplata.","robots":{"index":"index","follow":"follow","max-snippet":"max-snippet:-1","max-image-preview":"max-image-preview:large","max-video-preview":"max-video-preview:-1"},"canonical":"https:\/\/teslacryptocap.com\/en\/prodavnica\/","og_locale":"en_US","og_type":"article","og_title":"Prodavnica | Tesla CryptoCap","og_description":"Prijem kripto uplata u ROKU OD 48h. Bez formulara, Bez ograni\u010denja, Bez zabrana, Bez reklamacija i povrata uplata.","og_url":"https:\/\/teslacryptocap.com\/en\/prodavnica\/","og_site_name":"Tesla CryptoCap","article_publisher":"https:\/\/www.facebook.com\/TeslaCryptoCap","article_modified_time":"2026-02-20T15:09:36+00:00","og_image":[{"width":2560,"height":1540,"url":"https:\/\/teslacryptocap.com\/wp-content\/uploads\/2022\/06\/cropped-image-woman-inputting-card-information-key-phone-laptop-while-shopping-online-scaled.jpg","type":"image\/jpeg"}],"twitter_card":"summary_large_image","twitter_site":"@TCryptocap","twitter_misc":{"Est. reading time":"2 minutes"},"schema":{"@context":"https:\/\/schema.org","@graph":[{"@type":"WebPage","@id":"https:\/\/teslacryptocap.com\/prodavnica\/","url":"https:\/\/teslacryptocap.com\/prodavnica\/","name":"Prodavnica | Tesla CryptoCap","isPartOf":{"@id":"https:\/\/teslacryptocap.com\/#website"},"primaryImageOfPage":{"@id":"https:\/\/teslacryptocap.com\/prodavnica\/#primaryimage"},"image":{"@id":"https:\/\/teslacryptocap.com\/prodavnica\/#primaryimage"},"thumbnailUrl":"https:\/\/teslacryptocap.com\/wp-content\/uploads\/2022\/06\/cropped-image-woman-inputting-card-information-key-phone-laptop-while-shopping-online-scaled.jpg","datePublished":"2022-03-24T10:15:16+00:00","dateModified":"2026-02-20T15:09:36+00:00","description":"Prijem kripto uplata u ROKU OD 48h. Bez formulara, Bez ograni\u010denja, Bez zabrana, Bez reklamacija i povrata uplata.","breadcrumb":{"@id":"https:\/\/teslacryptocap.com\/prodavnica\/#breadcrumb"},"inLanguage":"en-US","potentialAction":[{"@type":"ReadAction","target":["https:\/\/teslacryptocap.com\/prodavnica\/"]}]},{"@type":"ImageObject","inLanguage":"en-US","@id":"https:\/\/teslacryptocap.com\/prodavnica\/#primaryimage","url":"https:\/\/teslacryptocap.com\/wp-content\/uploads\/2022\/06\/cropped-image-woman-inputting-card-information-key-phone-laptop-while-shopping-online-scaled.jpg","contentUrl":"https:\/\/teslacryptocap.com\/wp-content\/uploads\/2022\/06\/cropped-image-woman-inputting-card-information-key-phone-laptop-while-shopping-online-scaled.jpg"},{"@type":"BreadcrumbList","@id":"https:\/\/teslacryptocap.com\/prodavnica\/#breadcrumb","itemListElement":[{"@type":"ListItem","position":1,"name":"Po\u010detna","item":"https:\/\/teslacryptocap.com\/"},{"@type":"ListItem","position":2,"name":"Prodavnica"}]},{"@type":"WebSite","@id":"https:\/\/teslacryptocap.com\/#website","url":"https:\/\/teslacryptocap.com\/","name":"Tesla CryptoCap","description":"Menja\u010dnica kriptovaluta","publisher":{"@id":"https:\/\/teslacryptocap.com\/#organization"},"potentialAction":[{"@type":"SearchAction","target":{"@type":"EntryPoint","urlTemplate":"https:\/\/teslacryptocap.com\/?s={search_term_string}"},"query-input":{"@type":"PropertyValueSpecification","valueRequired":true,"valueName":"search_term_string"}}],"inLanguage":"en-US"},{"@type":"Organization","@id":"https:\/\/teslacryptocap.com\/#organization","name":"TeslaCrypto Cap","url":"https:\/\/teslacryptocap.com\/","logo":{"@type":"ImageObject","inLanguage":"en-US","@id":"https:\/\/teslacryptocap.com\/#\/schema\/logo\/image\/","url":"https:\/\/teslacryptocap.com\/wp-content\/uploads\/2022\/06\/Untitled-1.png","contentUrl":"https:\/\/teslacryptocap.com\/wp-content\/uploads\/2022\/06\/Untitled-1.png","width":5001,"height":2617,"caption":"TeslaCrypto Cap"},"image":{"@id":"https:\/\/teslacryptocap.com\/#\/schema\/logo\/image\/"},"sameAs":["https:\/\/www.facebook.com\/TeslaCryptoCap","https:\/\/x.com\/TCryptocap","https:\/\/www.instagram.com\/teslacryptocap\/"]}]}},"_links":{"self":[{"href":"https:\/\/teslacryptocap.com\/en\/wp-json\/wp\/v2\/pages\/108","targetHints":{"allow":["GET"]}}],"collection":[{"href":"https:\/\/teslacryptocap.com\/en\/wp-json\/wp\/v2\/pages"}],"about":[{"href":"https:\/\/teslacryptocap.com\/en\/wp-json\/wp\/v2\/types\/page"}],"author":[{"embeddable":true,"href":"https:\/\/teslacryptocap.com\/en\/wp-json\/wp\/v2\/users\/1"}],"replies":[{"embeddable":true,"href":"https:\/\/teslacryptocap.com\/en\/wp-json\/wp\/v2\/comments?post=108"}],"version-history":[{"count":78,"href":"https:\/\/teslacryptocap.com\/en\/wp-json\/wp\/v2\/pages\/108\/revisions"}],"predecessor-version":[{"id":8027,"href":"https:\/\/teslacryptocap.com\/en\/wp-json\/wp\/v2\/pages\/108\/revisions\/8027"}],"wp:attachment":[{"href":"https:\/\/teslacryptocap.com\/en\/wp-json\/wp\/v2\/media?parent=108"}],"curies":[{"name":"wp","href":"https:\/\/api.w.org\/{rel}","templated":true}]}}