{"id":132,"date":"2022-03-24T11:17:49","date_gmt":"2022-03-24T10:17:49","guid":{"rendered":"http:\/\/localhost\/chile\/wordpress\/?page_id=124"},"modified":"2026-02-20T16:10:06","modified_gmt":"2026-02-20T15:10:06","slug":"fondovi","status":"publish","type":"page","link":"https:\/\/teslacryptocap.com\/en\/fondovi\/","title":{"rendered":"Funds"},"content":{"rendered":"<div data-elementor-type=\"wp-page\" data-elementor-id=\"132\" class=\"elementor elementor-132\">\n\t\t\t\t\t\t<section class=\"elementor-section elementor-top-section elementor-element elementor-element-6aa107f elementor-section-content-middle elementor-reverse-mobile ct-section-stretched elementor-section-height-min-height elementor-section-boxed elementor-section-height-default elementor-section-items-middle\" data-id=\"6aa107f\" data-element_type=\"section\" data-e-type=\"section\" data-settings=\"{&quot;background_background&quot;:&quot;classic&quot;}\">\n\t\t\t\t\t\t\t<div class=\"elementor-background-overlay\"><\/div>\n\t\t\t\t\t\t\t<div class=\"elementor-container elementor-column-gap-no\">\n\t\t\t\t\t<div class=\"elementor-column elementor-col-100 elementor-top-column elementor-element elementor-element-ddc3b6a\" data-id=\"ddc3b6a\" data-element_type=\"column\" data-e-type=\"column\">\n\t\t\t<div class=\"elementor-widget-wrap elementor-element-populated\">\n\t\t\t\t\t\t<section class=\"elementor-section elementor-inner-section elementor-element elementor-element-bfb5f21 elementor-section-content-middle elementor-section-boxed elementor-section-height-default elementor-section-height-default elementor-invisible\" data-id=\"bfb5f21\" data-element_type=\"section\" data-e-type=\"section\" data-settings=\"{&quot;animation&quot;:&quot;fadeIn&quot;}\">\n\t\t\t\t\t\t<div class=\"elementor-container elementor-column-gap-default\">\n\t\t\t\t\t<div class=\"elementor-column elementor-col-50 elementor-inner-column elementor-element elementor-element-c198354\" data-id=\"c198354\" data-element_type=\"column\" data-e-type=\"column\" data-settings=\"{&quot;background_background&quot;:&quot;classic&quot;}\">\n\t\t\t<div class=\"elementor-widget-wrap elementor-element-populated\">\n\t\t\t\t\t\t<div class=\"elementor-element elementor-element-184bfac elementor-widget elementor-widget-heading\" data-id=\"184bfac\" data-element_type=\"widget\" data-e-type=\"widget\" data-widget_type=\"heading.default\">\n\t\t\t\t<div class=\"elementor-widget-container\">\n\t\t\t\t\t<h2 class=\"elementor-heading-title elementor-size-default\">One-click humanitarian actions<\/h2>\t\t\t\t<\/div>\n\t\t\t\t<\/div>\n\t\t\t\t<div class=\"elementor-element elementor-element-7022c75 elementor-widget-divider--view-line elementor-widget elementor-widget-divider\" data-id=\"7022c75\" data-element_type=\"widget\" data-e-type=\"widget\" data-widget_type=\"divider.default\">\n\t\t\t\t<div class=\"elementor-widget-container\">\n\t\t\t\t\t\t\t<div class=\"elementor-divider\">\n\t\t\t<span class=\"elementor-divider-separator\">\n\t\t\t\t\t\t<\/span>\n\t\t<\/div>\n\t\t\t\t\t\t<\/div>\n\t\t\t\t<\/div>\n\t\t\t\t<div class=\"elementor-element elementor-element-77585a3 elementor-widget elementor-widget-text-editor\" data-id=\"77585a3\" data-element_type=\"widget\" data-e-type=\"widget\" data-widget_type=\"text-editor.default\">\n\t\t\t\t<div class=\"elementor-widget-container\">\n\t\t\t\t\t\t\t\t\t<p>Creating and defining your Fund within 48 hours<\/p>\t\t\t\t\t\t\t\t<\/div>\n\t\t\t\t<\/div>\n\t\t\t\t\t<\/div>\n\t\t<\/div>\n\t\t\t\t<div class=\"elementor-column elementor-col-50 elementor-inner-column elementor-element elementor-element-74f9237\" data-id=\"74f9237\" data-element_type=\"column\" data-e-type=\"column\" data-settings=\"{&quot;background_background&quot;:&quot;classic&quot;}\">\n\t\t\t<div class=\"elementor-widget-wrap\">\n\t\t\t\t\t\t\t<\/div>\n\t\t<\/div>\n\t\t\t\t\t<\/div>\n\t\t<\/section>\n\t\t\t\t\t<\/div>\n\t\t<\/div>\n\t\t\t\t\t<\/div>\n\t\t<\/section>\n\t\t\t\t<section class=\"elementor-section elementor-top-section elementor-element elementor-element-02490bf elementor-section-content-middle elementor-section-boxed elementor-section-height-default elementor-section-height-default\" data-id=\"02490bf\" data-element_type=\"section\" data-e-type=\"section\" data-settings=\"{&quot;background_background&quot;:&quot;classic&quot;}\">\n\t\t\t\t\t\t<div class=\"elementor-container elementor-column-gap-no\">\n\t\t\t\t\t<div class=\"elementor-column elementor-col-50 elementor-top-column elementor-element elementor-element-78f10e7\" data-id=\"78f10e7\" data-element_type=\"column\" data-e-type=\"column\">\n\t\t\t<div class=\"elementor-widget-wrap elementor-element-populated\">\n\t\t\t\t\t\t<div class=\"elementor-element elementor-element-058602f elementor-widget elementor-widget-heading\" data-id=\"058602f\" data-element_type=\"widget\" data-e-type=\"widget\" data-widget_type=\"heading.default\">\n\t\t\t\t<div class=\"elementor-widget-container\">\n\t\t\t\t\t<h2 class=\"elementor-heading-title elementor-size-default\">Lako i jednostavno prikupljanje sredstava za humanitarni, dobrotvorni, poslovni, sindikalni ilii neki drugi tip fonda<\/h2>\t\t\t\t<\/div>\n\t\t\t\t<\/div>\n\t\t\t\t<div class=\"elementor-element elementor-element-275a7cb elementor-widget-divider--view-line elementor-widget elementor-widget-divider\" data-id=\"275a7cb\" data-element_type=\"widget\" data-e-type=\"widget\" data-widget_type=\"divider.default\">\n\t\t\t\t<div class=\"elementor-widget-container\">\n\t\t\t\t\t\t\t<div class=\"elementor-divider\">\n\t\t\t<span class=\"elementor-divider-separator\">\n\t\t\t\t\t\t<\/span>\n\t\t<\/div>\n\t\t\t\t\t\t<\/div>\n\t\t\t\t<\/div>\n\t\t\t\t\t<\/div>\n\t\t<\/div>\n\t\t\t\t<div class=\"elementor-column elementor-col-50 elementor-top-column elementor-element elementor-element-9f71df7\" data-id=\"9f71df7\" data-element_type=\"column\" data-e-type=\"column\" data-settings=\"{&quot;background_background&quot;:&quot;classic&quot;}\">\n\t\t\t<div class=\"elementor-widget-wrap elementor-element-populated\">\n\t\t\t\t\t\t<div class=\"elementor-element elementor-element-7bc9058 elementor-widget elementor-widget-image\" data-id=\"7bc9058\" data-element_type=\"widget\" data-e-type=\"widget\" data-widget_type=\"image.default\">\n\t\t\t\t<div class=\"elementor-widget-container\">\n\t\t\t\t\t\t\t\t\t\t\t\t\t\t\t<img fetchpriority=\"high\" decoding=\"async\" width=\"2560\" height=\"1707\" src=\"https:\/\/teslacryptocap.com\/wp-content\/uploads\/2022\/06\/columns-coins-grass-scaled.jpg\" class=\"attachment-full size-full wp-image-4416\" alt=\"\" srcset=\"https:\/\/teslacryptocap.com\/wp-content\/uploads\/2022\/06\/columns-coins-grass-scaled.jpg 2560w, https:\/\/teslacryptocap.com\/wp-content\/uploads\/2022\/06\/columns-coins-grass-300x200.jpg 300w, https:\/\/teslacryptocap.com\/wp-content\/uploads\/2022\/06\/columns-coins-grass-1024x683.jpg 1024w, https:\/\/teslacryptocap.com\/wp-content\/uploads\/2022\/06\/columns-coins-grass-768x512.jpg 768w, https:\/\/teslacryptocap.com\/wp-content\/uploads\/2022\/06\/columns-coins-grass-1536x1024.jpg 1536w, https:\/\/teslacryptocap.com\/wp-content\/uploads\/2022\/06\/columns-coins-grass-2048x1365.jpg 2048w, https:\/\/teslacryptocap.com\/wp-content\/uploads\/2022\/06\/columns-coins-grass-18x12.jpg 18w, https:\/\/teslacryptocap.com\/wp-content\/uploads\/2022\/06\/columns-coins-grass-1200x800.jpg 1200w\" sizes=\"(max-width: 2560px) 100vw, 2560px\" \/>\t\t\t\t\t\t\t\t\t\t\t\t\t\t\t<\/div>\n\t\t\t\t<\/div>\n\t\t\t\t\t<\/div>\n\t\t<\/div>\n\t\t\t\t\t<\/div>\n\t\t<\/section>\n\t\t\t\t<section class=\"elementor-section elementor-top-section elementor-element elementor-element-5393103 elementor-section-content-middle elementor-reverse-mobile elementor-section-boxed elementor-section-height-default elementor-section-height-default\" data-id=\"5393103\" data-element_type=\"section\" data-e-type=\"section\" data-settings=\"{&quot;background_background&quot;:&quot;classic&quot;}\">\n\t\t\t\t\t\t<div class=\"elementor-container elementor-column-gap-no\">\n\t\t\t\t\t<div class=\"elementor-column elementor-col-50 elementor-top-column elementor-element elementor-element-e0f2c4c\" data-id=\"e0f2c4c\" data-element_type=\"column\" data-e-type=\"column\" data-settings=\"{&quot;background_background&quot;:&quot;classic&quot;}\">\n\t\t\t<div class=\"elementor-widget-wrap elementor-element-populated\">\n\t\t\t\t\t\t<div class=\"elementor-element elementor-element-a2cf64f elementor-widget elementor-widget-image\" data-id=\"a2cf64f\" data-element_type=\"widget\" data-e-type=\"widget\" data-widget_type=\"image.default\">\n\t\t\t\t<div class=\"elementor-widget-container\">\n\t\t\t\t\t\t\t\t\t\t\t\t\t\t\t<img decoding=\"async\" width=\"2560\" height=\"1707\" src=\"https:\/\/teslacryptocap.com\/wp-content\/uploads\/2022\/06\/plant-growing-from-coins-glass-jar-blurred-nature-scaled.jpg\" class=\"attachment-full size-full wp-image-4417\" alt=\"\" srcset=\"https:\/\/teslacryptocap.com\/wp-content\/uploads\/2022\/06\/plant-growing-from-coins-glass-jar-blurred-nature-scaled.jpg 2560w, https:\/\/teslacryptocap.com\/wp-content\/uploads\/2022\/06\/plant-growing-from-coins-glass-jar-blurred-nature-300x200.jpg 300w, https:\/\/teslacryptocap.com\/wp-content\/uploads\/2022\/06\/plant-growing-from-coins-glass-jar-blurred-nature-1024x683.jpg 1024w, https:\/\/teslacryptocap.com\/wp-content\/uploads\/2022\/06\/plant-growing-from-coins-glass-jar-blurred-nature-768x512.jpg 768w, https:\/\/teslacryptocap.com\/wp-content\/uploads\/2022\/06\/plant-growing-from-coins-glass-jar-blurred-nature-1536x1024.jpg 1536w, https:\/\/teslacryptocap.com\/wp-content\/uploads\/2022\/06\/plant-growing-from-coins-glass-jar-blurred-nature-2048x1365.jpg 2048w, https:\/\/teslacryptocap.com\/wp-content\/uploads\/2022\/06\/plant-growing-from-coins-glass-jar-blurred-nature-18x12.jpg 18w, https:\/\/teslacryptocap.com\/wp-content\/uploads\/2022\/06\/plant-growing-from-coins-glass-jar-blurred-nature-1200x800.jpg 1200w\" sizes=\"(max-width: 2560px) 100vw, 2560px\" \/>\t\t\t\t\t\t\t\t\t\t\t\t\t\t\t<\/div>\n\t\t\t\t<\/div>\n\t\t\t\t\t<\/div>\n\t\t<\/div>\n\t\t\t\t<div class=\"elementor-column elementor-col-50 elementor-top-column elementor-element elementor-element-9312a9a\" data-id=\"9312a9a\" data-element_type=\"column\" data-e-type=\"column\">\n\t\t\t<div class=\"elementor-widget-wrap elementor-element-populated\">\n\t\t\t\t\t\t<div class=\"elementor-element elementor-element-aa744b3 elementor-widget elementor-widget-heading\" data-id=\"aa744b3\" data-element_type=\"widget\" data-e-type=\"widget\" data-widget_type=\"heading.default\">\n\t\t\t\t<div class=\"elementor-widget-container\">\n\t\t\t\t\t<h2 class=\"elementor-heading-title elementor-size-default\">Primajte uplate i donacije globalno od ljudi iz razli\u010ditih delova sveta uz evidenciju u realnom vremenu u va\u0161em kripto fondu<\/h2>\t\t\t\t<\/div>\n\t\t\t\t<\/div>\n\t\t\t\t<div class=\"elementor-element elementor-element-179f025 elementor-widget-divider--view-line elementor-widget elementor-widget-divider\" data-id=\"179f025\" data-element_type=\"widget\" data-e-type=\"widget\" data-widget_type=\"divider.default\">\n\t\t\t\t<div class=\"elementor-widget-container\">\n\t\t\t\t\t\t\t<div class=\"elementor-divider\">\n\t\t\t<span class=\"elementor-divider-separator\">\n\t\t\t\t\t\t<\/span>\n\t\t<\/div>\n\t\t\t\t\t\t<\/div>\n\t\t\t\t<\/div>\n\t\t\t\t\t<\/div>\n\t\t<\/div>\n\t\t\t\t\t<\/div>\n\t\t<\/section>\n\t\t\t\t<section class=\"elementor-section elementor-top-section elementor-element elementor-element-087f04d elementor-section-content-middle elementor-section-boxed elementor-section-height-default elementor-section-height-default\" data-id=\"087f04d\" data-element_type=\"section\" data-e-type=\"section\" data-settings=\"{&quot;background_background&quot;:&quot;classic&quot;}\">\n\t\t\t\t\t\t<div class=\"elementor-container elementor-column-gap-no\">\n\t\t\t\t\t<div class=\"elementor-column elementor-col-100 elementor-top-column elementor-element elementor-element-05663af\" data-id=\"05663af\" data-element_type=\"column\" data-e-type=\"column\">\n\t\t\t<div class=\"elementor-widget-wrap elementor-element-populated\">\n\t\t\t\t\t\t<div class=\"elementor-element elementor-element-57d7a2b elementor-widget elementor-widget-heading\" data-id=\"57d7a2b\" data-element_type=\"widget\" data-e-type=\"widget\" data-widget_type=\"heading.default\">\n\t\t\t\t<div class=\"elementor-widget-container\">\n\t\t\t\t\t<h2 class=\"elementor-heading-title elementor-size-default\">Start using CryptoPal <\/h2>\t\t\t\t<\/div>\n\t\t\t\t<\/div>\n\t\t\t\t\t<\/div>\n\t\t<\/div>\n\t\t\t\t\t<\/div>\n\t\t<\/section>\n\t\t\t\t<\/div>","protected":false},"excerpt":{"rendered":"<p>Humanitarne akcije na jedan klik Kreiranje i definisanje va\u0161eg Fonda u roku 48h Lako i jednostavno prikupljanje sredstava za humanitarni, dobrotvorni, poslovni, sindikalni ilii neki drugi tip fonda Primajte uplate i donacije globalno od ljudi iz razli\u010ditih delova sveta uz evidenciju u realnom vremenu u va\u0161em kripto fondu Po\u010dni da koristi\u0161 CryptoPal<\/p>","protected":false},"author":1,"featured_media":0,"parent":0,"menu_order":0,"comment_status":"closed","ping_status":"closed","template":"elementor_header_footer","meta":{"footnotes":""},"class_list":["post-132","page","type-page","status-publish","hentry"],"blocksy_meta":{"styles_descriptor":{"styles":{"desktop":"","tablet":"","mobile":""},"google_fonts":[],"version":6}},"yoast_head":"<!-- This site is optimized with the Yoast SEO plugin v27.4 - https:\/\/yoast.com\/product\/yoast-seo-wordpress\/ -->\n<title>Fondovi | Tesla CryptoCap<\/title>\n<meta name=\"description\" content=\"Humanitarne akcije na jedan klik. Kreiranje i definisanje va\u0161eg Fonda u roku 48h. Lako prikupljanje sredstava za humanitarni fond.\" \/>\n<meta name=\"robots\" content=\"index, follow, max-snippet:-1, max-image-preview:large, max-video-preview:-1\" \/>\n<link rel=\"canonical\" href=\"https:\/\/teslacryptocap.com\/en\/fondovi\/\" \/>\n<meta property=\"og:locale\" content=\"en_US\" \/>\n<meta property=\"og:type\" content=\"article\" \/>\n<meta property=\"og:title\" content=\"Fondovi | Tesla CryptoCap\" \/>\n<meta property=\"og:description\" content=\"Humanitarne akcije na jedan klik. Kreiranje i definisanje va\u0161eg Fonda u roku 48h. Lako prikupljanje sredstava za humanitarni fond.\" \/>\n<meta property=\"og:url\" content=\"https:\/\/teslacryptocap.com\/en\/fondovi\/\" \/>\n<meta property=\"og:site_name\" content=\"Tesla CryptoCap\" \/>\n<meta property=\"article:publisher\" content=\"https:\/\/www.facebook.com\/TeslaCryptoCap\" \/>\n<meta property=\"article:modified_time\" content=\"2026-02-20T15:10:06+00:00\" \/>\n<meta property=\"og:image\" content=\"https:\/\/teslacryptocap.com\/wp-content\/uploads\/2022\/06\/columns-coins-grass-scaled.jpg\" \/>\n\t<meta property=\"og:image:width\" content=\"2560\" \/>\n\t<meta property=\"og:image:height\" content=\"1707\" \/>\n\t<meta property=\"og:image:type\" content=\"image\/jpeg\" \/>\n<meta name=\"twitter:card\" content=\"summary_large_image\" \/>\n<meta name=\"twitter:site\" content=\"@TCryptocap\" \/>\n<meta name=\"twitter:label1\" content=\"Est. reading time\" \/>\n\t<meta name=\"twitter:data1\" content=\"2 minutes\" \/>\n<script type=\"application\/ld+json\" class=\"yoast-schema-graph\">{\"@context\":\"https:\\\/\\\/schema.org\",\"@graph\":[{\"@type\":\"WebPage\",\"@id\":\"https:\\\/\\\/teslacryptocap.com\\\/fondovi\\\/\",\"url\":\"https:\\\/\\\/teslacryptocap.com\\\/fondovi\\\/\",\"name\":\"Fondovi | Tesla CryptoCap\",\"isPartOf\":{\"@id\":\"https:\\\/\\\/teslacryptocap.com\\\/#website\"},\"primaryImageOfPage\":{\"@id\":\"https:\\\/\\\/teslacryptocap.com\\\/fondovi\\\/#primaryimage\"},\"image\":{\"@id\":\"https:\\\/\\\/teslacryptocap.com\\\/fondovi\\\/#primaryimage\"},\"thumbnailUrl\":\"https:\\\/\\\/teslacryptocap.com\\\/wp-content\\\/uploads\\\/2022\\\/06\\\/columns-coins-grass-scaled.jpg\",\"datePublished\":\"2022-03-24T10:17:49+00:00\",\"dateModified\":\"2026-02-20T15:10:06+00:00\",\"description\":\"Humanitarne akcije na jedan klik. Kreiranje i definisanje va\u0161eg Fonda u roku 48h. Lako prikupljanje sredstava za humanitarni fond.\",\"breadcrumb\":{\"@id\":\"https:\\\/\\\/teslacryptocap.com\\\/fondovi\\\/#breadcrumb\"},\"inLanguage\":\"en-US\",\"potentialAction\":[{\"@type\":\"ReadAction\",\"target\":[\"https:\\\/\\\/teslacryptocap.com\\\/fondovi\\\/\"]}]},{\"@type\":\"ImageObject\",\"inLanguage\":\"en-US\",\"@id\":\"https:\\\/\\\/teslacryptocap.com\\\/fondovi\\\/#primaryimage\",\"url\":\"https:\\\/\\\/teslacryptocap.com\\\/wp-content\\\/uploads\\\/2022\\\/06\\\/columns-coins-grass-scaled.jpg\",\"contentUrl\":\"https:\\\/\\\/teslacryptocap.com\\\/wp-content\\\/uploads\\\/2022\\\/06\\\/columns-coins-grass-scaled.jpg\"},{\"@type\":\"BreadcrumbList\",\"@id\":\"https:\\\/\\\/teslacryptocap.com\\\/fondovi\\\/#breadcrumb\",\"itemListElement\":[{\"@type\":\"ListItem\",\"position\":1,\"name\":\"Po\u010detna\",\"item\":\"https:\\\/\\\/teslacryptocap.com\\\/\"},{\"@type\":\"ListItem\",\"position\":2,\"name\":\"Fondovi\"}]},{\"@type\":\"WebSite\",\"@id\":\"https:\\\/\\\/teslacryptocap.com\\\/#website\",\"url\":\"https:\\\/\\\/teslacryptocap.com\\\/\",\"name\":\"Tesla CryptoCap\",\"description\":\"Menja\u010dnica kriptovaluta\",\"publisher\":{\"@id\":\"https:\\\/\\\/teslacryptocap.com\\\/#organization\"},\"potentialAction\":[{\"@type\":\"SearchAction\",\"target\":{\"@type\":\"EntryPoint\",\"urlTemplate\":\"https:\\\/\\\/teslacryptocap.com\\\/?s={search_term_string}\"},\"query-input\":{\"@type\":\"PropertyValueSpecification\",\"valueRequired\":true,\"valueName\":\"search_term_string\"}}],\"inLanguage\":\"en-US\"},{\"@type\":\"Organization\",\"@id\":\"https:\\\/\\\/teslacryptocap.com\\\/#organization\",\"name\":\"TeslaCrypto Cap\",\"url\":\"https:\\\/\\\/teslacryptocap.com\\\/\",\"logo\":{\"@type\":\"ImageObject\",\"inLanguage\":\"en-US\",\"@id\":\"https:\\\/\\\/teslacryptocap.com\\\/#\\\/schema\\\/logo\\\/image\\\/\",\"url\":\"https:\\\/\\\/teslacryptocap.com\\\/wp-content\\\/uploads\\\/2022\\\/06\\\/Untitled-1.png\",\"contentUrl\":\"https:\\\/\\\/teslacryptocap.com\\\/wp-content\\\/uploads\\\/2022\\\/06\\\/Untitled-1.png\",\"width\":5001,\"height\":2617,\"caption\":\"TeslaCrypto Cap\"},\"image\":{\"@id\":\"https:\\\/\\\/teslacryptocap.com\\\/#\\\/schema\\\/logo\\\/image\\\/\"},\"sameAs\":[\"https:\\\/\\\/www.facebook.com\\\/TeslaCryptoCap\",\"https:\\\/\\\/x.com\\\/TCryptocap\",\"https:\\\/\\\/www.instagram.com\\\/teslacryptocap\\\/\"]}]}<\/script>\n<!-- \/ Yoast SEO plugin. -->","yoast_head_json":{"title":"Fondovi | Tesla CryptoCap","description":"Humanitarne akcije na jedan klik. Kreiranje i definisanje va\u0161eg Fonda u roku 48h. Lako prikupljanje sredstava za humanitarni fond.","robots":{"index":"index","follow":"follow","max-snippet":"max-snippet:-1","max-image-preview":"max-image-preview:large","max-video-preview":"max-video-preview:-1"},"canonical":"https:\/\/teslacryptocap.com\/en\/fondovi\/","og_locale":"en_US","og_type":"article","og_title":"Fondovi | Tesla CryptoCap","og_description":"Humanitarne akcije na jedan klik. Kreiranje i definisanje va\u0161eg Fonda u roku 48h. Lako prikupljanje sredstava za humanitarni fond.","og_url":"https:\/\/teslacryptocap.com\/en\/fondovi\/","og_site_name":"Tesla CryptoCap","article_publisher":"https:\/\/www.facebook.com\/TeslaCryptoCap","article_modified_time":"2026-02-20T15:10:06+00:00","og_image":[{"width":2560,"height":1707,"url":"https:\/\/teslacryptocap.com\/wp-content\/uploads\/2022\/06\/columns-coins-grass-scaled.jpg","type":"image\/jpeg"}],"twitter_card":"summary_large_image","twitter_site":"@TCryptocap","twitter_misc":{"Est. reading time":"2 minutes"},"schema":{"@context":"https:\/\/schema.org","@graph":[{"@type":"WebPage","@id":"https:\/\/teslacryptocap.com\/fondovi\/","url":"https:\/\/teslacryptocap.com\/fondovi\/","name":"Fondovi | Tesla CryptoCap","isPartOf":{"@id":"https:\/\/teslacryptocap.com\/#website"},"primaryImageOfPage":{"@id":"https:\/\/teslacryptocap.com\/fondovi\/#primaryimage"},"image":{"@id":"https:\/\/teslacryptocap.com\/fondovi\/#primaryimage"},"thumbnailUrl":"https:\/\/teslacryptocap.com\/wp-content\/uploads\/2022\/06\/columns-coins-grass-scaled.jpg","datePublished":"2022-03-24T10:17:49+00:00","dateModified":"2026-02-20T15:10:06+00:00","description":"Humanitarne akcije na jedan klik. Kreiranje i definisanje va\u0161eg Fonda u roku 48h. Lako prikupljanje sredstava za humanitarni fond.","breadcrumb":{"@id":"https:\/\/teslacryptocap.com\/fondovi\/#breadcrumb"},"inLanguage":"en-US","potentialAction":[{"@type":"ReadAction","target":["https:\/\/teslacryptocap.com\/fondovi\/"]}]},{"@type":"ImageObject","inLanguage":"en-US","@id":"https:\/\/teslacryptocap.com\/fondovi\/#primaryimage","url":"https:\/\/teslacryptocap.com\/wp-content\/uploads\/2022\/06\/columns-coins-grass-scaled.jpg","contentUrl":"https:\/\/teslacryptocap.com\/wp-content\/uploads\/2022\/06\/columns-coins-grass-scaled.jpg"},{"@type":"BreadcrumbList","@id":"https:\/\/teslacryptocap.com\/fondovi\/#breadcrumb","itemListElement":[{"@type":"ListItem","position":1,"name":"Po\u010detna","item":"https:\/\/teslacryptocap.com\/"},{"@type":"ListItem","position":2,"name":"Fondovi"}]},{"@type":"WebSite","@id":"https:\/\/teslacryptocap.com\/#website","url":"https:\/\/teslacryptocap.com\/","name":"Tesla CryptoCap","description":"Menja\u010dnica kriptovaluta","publisher":{"@id":"https:\/\/teslacryptocap.com\/#organization"},"potentialAction":[{"@type":"SearchAction","target":{"@type":"EntryPoint","urlTemplate":"https:\/\/teslacryptocap.com\/?s={search_term_string}"},"query-input":{"@type":"PropertyValueSpecification","valueRequired":true,"valueName":"search_term_string"}}],"inLanguage":"en-US"},{"@type":"Organization","@id":"https:\/\/teslacryptocap.com\/#organization","name":"TeslaCrypto Cap","url":"https:\/\/teslacryptocap.com\/","logo":{"@type":"ImageObject","inLanguage":"en-US","@id":"https:\/\/teslacryptocap.com\/#\/schema\/logo\/image\/","url":"https:\/\/teslacryptocap.com\/wp-content\/uploads\/2022\/06\/Untitled-1.png","contentUrl":"https:\/\/teslacryptocap.com\/wp-content\/uploads\/2022\/06\/Untitled-1.png","width":5001,"height":2617,"caption":"TeslaCrypto Cap"},"image":{"@id":"https:\/\/teslacryptocap.com\/#\/schema\/logo\/image\/"},"sameAs":["https:\/\/www.facebook.com\/TeslaCryptoCap","https:\/\/x.com\/TCryptocap","https:\/\/www.instagram.com\/teslacryptocap\/"]}]}},"_links":{"self":[{"href":"https:\/\/teslacryptocap.com\/en\/wp-json\/wp\/v2\/pages\/132","targetHints":{"allow":["GET"]}}],"collection":[{"href":"https:\/\/teslacryptocap.com\/en\/wp-json\/wp\/v2\/pages"}],"about":[{"href":"https:\/\/teslacryptocap.com\/en\/wp-json\/wp\/v2\/types\/page"}],"author":[{"embeddable":true,"href":"https:\/\/teslacryptocap.com\/en\/wp-json\/wp\/v2\/users\/1"}],"replies":[{"embeddable":true,"href":"https:\/\/teslacryptocap.com\/en\/wp-json\/wp\/v2\/comments?post=132"}],"version-history":[{"count":71,"href":"https:\/\/teslacryptocap.com\/en\/wp-json\/wp\/v2\/pages\/132\/revisions"}],"predecessor-version":[{"id":8033,"href":"https:\/\/teslacryptocap.com\/en\/wp-json\/wp\/v2\/pages\/132\/revisions\/8033"}],"wp:attachment":[{"href":"https:\/\/teslacryptocap.com\/en\/wp-json\/wp\/v2\/media?parent=132"}],"curies":[{"name":"wp","href":"https:\/\/api.w.org\/{rel}","templated":true}]}}