{"id":147,"date":"2022-03-24T11:21:48","date_gmt":"2022-03-24T10:21:48","guid":{"rendered":"http:\/\/localhost\/chile\/wordpress\/?page_id=147"},"modified":"2026-02-20T16:53:45","modified_gmt":"2026-02-20T15:53:45","slug":"o-menjacnici","status":"publish","type":"page","link":"https:\/\/teslacryptocap.com\/en\/o-menjacnici\/","title":{"rendered":"About us"},"content":{"rendered":"<div data-elementor-type=\"wp-page\" data-elementor-id=\"147\" class=\"elementor elementor-147\">\n\t\t\t\t\t\t<section class=\"elementor-section elementor-top-section elementor-element elementor-element-xcdzi1j elementor-reverse-tablet elementor-reverse-mobile elementor-section-boxed elementor-section-height-default elementor-section-height-default\" data-id=\"xcdzi1j\" data-element_type=\"section\" data-e-type=\"section\" data-settings=\"{&quot;background_background&quot;:&quot;classic&quot;}\">\n\t\t\t\t\t\t<div class=\"elementor-container elementor-column-gap-default\">\n\t\t\t\t\t<div class=\"elementor-column elementor-col-50 elementor-top-column elementor-element elementor-element-9abba43 elementor-invisible\" data-id=\"9abba43\" data-element_type=\"column\" data-e-type=\"column\" data-settings=\"{&quot;background_background&quot;:&quot;classic&quot;,&quot;animation&quot;:&quot;fadeInLeft&quot;}\">\n\t\t\t<div class=\"elementor-widget-wrap elementor-element-populated\">\n\t\t\t\t\t\t<div class=\"elementor-element elementor-element-4245b55 elementor-widget elementor-widget-image\" data-id=\"4245b55\" data-element_type=\"widget\" data-e-type=\"widget\" data-widget_type=\"image.default\">\n\t\t\t\t<div class=\"elementor-widget-container\">\n\t\t\t\t\t\t\t\t\t\t\t\t\t\t\t<img fetchpriority=\"high\" decoding=\"async\" width=\"500\" height=\"333\" src=\"https:\/\/teslacryptocap.com\/wp-content\/uploads\/2022\/05\/hands-holding-puzzle-business-problem-solving-concept-min-1.jpg\" class=\"attachment-full size-full wp-image-2966\" alt=\"o menja\u010dnici\" srcset=\"https:\/\/teslacryptocap.com\/wp-content\/uploads\/2022\/05\/hands-holding-puzzle-business-problem-solving-concept-min-1.jpg 500w, https:\/\/teslacryptocap.com\/wp-content\/uploads\/2022\/05\/hands-holding-puzzle-business-problem-solving-concept-min-1-300x200.jpg 300w\" sizes=\"(max-width: 500px) 100vw, 500px\" \/>\t\t\t\t\t\t\t\t\t\t\t\t\t\t\t<\/div>\n\t\t\t\t<\/div>\n\t\t\t\t\t<\/div>\n\t\t<\/div>\n\t\t\t\t<div class=\"elementor-column elementor-col-50 elementor-top-column elementor-element elementor-element-f088365 elementor-invisible\" data-id=\"f088365\" data-element_type=\"column\" data-e-type=\"column\" data-settings=\"{&quot;animation&quot;:&quot;fadeInRight&quot;}\">\n\t\t\t<div class=\"elementor-widget-wrap elementor-element-populated\">\n\t\t\t\t\t\t<div class=\"elementor-element elementor-element-6ae79fb elementor-widget elementor-widget-heading\" data-id=\"6ae79fb\" data-element_type=\"widget\" data-e-type=\"widget\" data-widget_type=\"heading.default\">\n\t\t\t\t<div class=\"elementor-widget-container\">\n\t\t\t\t\t<h4 class=\"elementor-heading-title elementor-size-default\">About the exchange office:<\/h4>\t\t\t\t<\/div>\n\t\t\t\t<\/div>\n\t\t\t\t<div class=\"elementor-element elementor-element-e7d1eaf elementor-widget elementor-widget-heading\" data-id=\"e7d1eaf\" data-element_type=\"widget\" data-e-type=\"widget\" data-widget_type=\"heading.default\">\n\t\t\t\t<div class=\"elementor-widget-container\">\n\t\t\t\t\t<h2 class=\"elementor-heading-title elementor-size-default\">TESLA TRADE FINTEK KOMPANIJA<\/h2>\t\t\t\t<\/div>\n\t\t\t\t<\/div>\n\t\t\t\t<div class=\"elementor-element elementor-element-01dd3f1 elementor-widget elementor-widget-text-editor\" data-id=\"01dd3f1\" data-element_type=\"widget\" data-e-type=\"widget\" data-widget_type=\"text-editor.default\">\n\t\t\t\t<div class=\"elementor-widget-container\">\n\t\t\t\t\t\t\t\t\t<p><span style=\"font-weight: 400;\">Registrovana IT startup kompanija u Bosni i Hercogovini<\/span><\/p><p><span style=\"font-weight: 400;\">Dru\u0161tvo sa ograni\u010denom odgovorno\u0161\u0107u specijalizovano za rad sa kriptovalutama.<\/span><\/p><p>Kripto menja\u010dnica od 01.01.2026. obustavlja pru\u017eanje svojih usluga do daljnjeg.<\/p>\t\t\t\t\t\t\t\t<\/div>\n\t\t\t\t<\/div>\n\t\t\t\t<div class=\"elementor-element elementor-element-f4454ec e-grid-align-left e-grid-align-tablet-center elementor-shape-rounded elementor-grid-0 elementor-widget elementor-widget-social-icons\" data-id=\"f4454ec\" data-element_type=\"widget\" data-e-type=\"widget\" data-widget_type=\"social-icons.default\">\n\t\t\t\t<div class=\"elementor-widget-container\">\n\t\t\t\t\t\t\t<div class=\"elementor-social-icons-wrapper elementor-grid\" role=\"list\">\n\t\t\t\t\t\t\t<span class=\"elementor-grid-item\" role=\"listitem\">\n\t\t\t\t\t<a class=\"elementor-icon elementor-social-icon elementor-social-icon- elementor-animation-grow elementor-repeater-item-14bef83\" href=\"https:\/\/www.facebook.com\/TeslaCryptoCap\" target=\"_blank\">\n\t\t\t\t\t\t<span class=\"elementor-screen-only\"><\/span>\n\t\t\t\t\t\t<svg xmlns=\"http:\/\/www.w3.org\/2000\/svg\" id=\"Layer_1\" data-name=\"Layer 1\" viewbox=\"0 0 32 32\"><title>Facebook<\/title><path d=\"M27.81,32H19.75V20.68H24.5l.94-5.63H19.77V11.24h5.65V5.63H19.86a5.63,5.63,0,0,0-5.74,5.74c0,1.11,0,2.23,0,3.34v.37H10.39v5.62h3.73V32H4.19c-.32-.08-.65-.14-1-.24A4.67,4.67,0,0,1,0,27.19Q0,16,0,4.81c0-.1,0-.21,0-.31A4.56,4.56,0,0,1,2.62.5,10.17,10.17,0,0,1,4.19,0H27.81L28,.06a4.55,4.55,0,0,1,3.57,2.69A10.26,10.26,0,0,1,32,4.19V27.81c0,.08,0,.16-.06.24a4.55,4.55,0,0,1-2.59,3.47A10.72,10.72,0,0,1,27.81,32Z\" transform=\"translate(0 0)\"><\/path><\/svg>\t\t\t\t\t<\/a>\n\t\t\t\t<\/span>\n\t\t\t\t\t\t\t<span class=\"elementor-grid-item\" role=\"listitem\">\n\t\t\t\t\t<a class=\"elementor-icon elementor-social-icon elementor-social-icon- elementor-animation-grow elementor-repeater-item-20fbf00\" href=\"https:\/\/www.instagram.com\/teslacryptome\/\" target=\"_blank\">\n\t\t\t\t\t\t<span class=\"elementor-screen-only\"><\/span>\n\t\t\t\t\t\t<svg xmlns=\"http:\/\/www.w3.org\/2000\/svg\" id=\"Layer_1\" data-name=\"Layer 1\" viewbox=\"0 0 32 32\"><title>Instagram<\/title><path d=\"M31.63,5.52A7.89,7.89,0,0,0,24.86,0l-.24,0H7.49L7,.1c-.43.08-.83.15-1.21.27A8,8,0,0,0,.12,7.11a2.54,2.54,0,0,1-.06.31h0V24.57c0,.19.08.39.11.58a7.82,7.82,0,0,0,.29,1.24A7.9,7.9,0,0,0,7.3,32l.22,0H24.64l.58-.11A8.05,8.05,0,0,0,32,24.79a2.29,2.29,0,0,1,0-.24V7.43c0-.2-.08-.41-.12-.61A7.85,7.85,0,0,0,31.63,5.52Zm-3.9,12v3.34a6.68,6.68,0,0,1-6.83,6.81H11.2a6.68,6.68,0,0,1-6.81-6.83q0-4.87,0-9.74A6.64,6.64,0,0,1,9.86,4.45a6.73,6.73,0,0,1,1.29-.11H21a6.65,6.65,0,0,1,6.78,6.79q0,1.68,0,3.36v3Z\" transform=\"translate(-0.06)\"><\/path><path d=\"M24.19,11.08A3.16,3.16,0,0,0,21,7.87h-9.8A3.13,3.13,0,0,0,7.93,11.1q0,4.9,0,9.8a3.13,3.13,0,0,0,3.24,3.23h9.77a3.15,3.15,0,0,0,3.26-3.25q0-1.69,0-3.38v-3Q24.2,12.78,24.19,11.08ZM16.06,21.7h0A5.7,5.7,0,1,1,21.77,16,5.66,5.66,0,0,1,16.06,21.7Zm5.64-9.57h0a1.77,1.77,0,1,1,1.78-1.75A1.78,1.78,0,0,1,21.69,12.13Z\" transform=\"translate(-0.06)\"><\/path><path d=\"M16.05,13.05a2.95,2.95,0,1,0,3,3A3,3,0,0,0,16.05,13.05Z\" transform=\"translate(-0.06)\"><\/path><\/svg>\t\t\t\t\t<\/a>\n\t\t\t\t<\/span>\n\t\t\t\t\t\t\t<span class=\"elementor-grid-item\" role=\"listitem\">\n\t\t\t\t\t<a class=\"elementor-icon elementor-social-icon elementor-social-icon- elementor-animation-grow elementor-repeater-item-a2102f5\" href=\"https:\/\/twitter.com\/TCryptocap\" target=\"_blank\">\n\t\t\t\t\t\t<span class=\"elementor-screen-only\"><\/span>\n\t\t\t\t\t\t<svg xmlns=\"http:\/\/www.w3.org\/2000\/svg\" id=\"Layer_1\" data-name=\"Layer 1\" viewbox=\"0 0 32 32\"><title>Twitter<\/title><path d=\"M32.06,5.44V26.69a1.47,1.47,0,0,0-.06.21,6,6,0,0,1-4.5,5l-.82.17H5.44A1,1,0,0,0,5.26,32a6,6,0,0,1-5-4.53c-.06-.26-.11-.53-.17-.79V5.44a1.47,1.47,0,0,0,.06-.21,6,6,0,0,1,4.5-5L5.44.06H26.69a1,1,0,0,0,.17.06,6,6,0,0,1,5,4.53C32,4.91,32,5.17,32.06,5.44ZM26.13,8.38a8.43,8.43,0,0,1-2.57,1,.45.45,0,0,1-.35-.08,4.37,4.37,0,0,0-7.41,2.9c0,.4,0,.8,0,1.24a12.59,12.59,0,0,1-9-4.56,4.61,4.61,0,0,0-.58,2.74,4.24,4.24,0,0,0,1.76,3,4.92,4.92,0,0,1-2-.5A4.57,4.57,0,0,0,9.51,18.5v.09H7.79a4.51,4.51,0,0,0,4.06,3.05,8.84,8.84,0,0,1-6.39,1.81,11.68,11.68,0,0,0,2.49,1.23,12.59,12.59,0,0,0,6,.58,11.3,11.3,0,0,0,6-2.6,12.67,12.67,0,0,0,4.57-10.06.56.56,0,0,1,.17-.36c.3-.29.64-.53.93-.83s.66-.77,1-1.16l-.06-.06c-.36.12-.72.26-1.08.36s-.73.16-1.09.24l0-.08A4.27,4.27,0,0,0,26.13,8.38Z\" transform=\"translate(-0.06 -0.06)\"><\/path><\/svg>\t\t\t\t\t<\/a>\n\t\t\t\t<\/span>\n\t\t\t\t\t<\/div>\n\t\t\t\t\t\t<\/div>\n\t\t\t\t<\/div>\n\t\t\t\t\t<\/div>\n\t\t<\/div>\n\t\t\t\t\t<\/div>\n\t\t<\/section>\n\t\t\t\t<\/div>","protected":false},"excerpt":{"rendered":"<p>O menja\u010dnici: TESLA TRADE FINTEK KOMPANIJA Registrovana IT startup kompanija u Bosni i Hercogovini Dru\u0161tvo sa ograni\u010denom odgovorno\u0161\u0107u specijalizovano za rad sa kriptovalutama. Kripto menja\u010dnica od 01.01.2026. obustavlja pru\u017eanje svojih usluga do daljnjeg. Facebook Instagram Twitter<\/p>","protected":false},"author":1,"featured_media":0,"parent":0,"menu_order":0,"comment_status":"closed","ping_status":"closed","template":"elementor_header_footer","meta":{"footnotes":""},"class_list":["post-147","page","type-page","status-publish","hentry"],"blocksy_meta":{"styles_descriptor":{"styles":{"desktop":"","tablet":"","mobile":""},"google_fonts":[],"version":6}},"yoast_head":"<!-- This site is optimized with the Yoast SEO plugin v27.4 - https:\/\/yoast.com\/product\/yoast-seo-wordpress\/ -->\n<title>O menja\u010dnici | Tesla CryptoCap<\/title>\n<meta name=\"description\" content=\"O menja\u010dnici: Registrovana IT startup kompanija | Dru\u0161tvo sa ograni\u010denom odgovorno\u0161\u0107u | 100% Srpsko vlasni\u0161tvo\" \/>\n<meta name=\"robots\" content=\"index, follow, max-snippet:-1, max-image-preview:large, max-video-preview:-1\" \/>\n<link rel=\"canonical\" href=\"https:\/\/teslacryptocap.com\/en\/o-menjacnici\/\" \/>\n<meta property=\"og:locale\" content=\"en_US\" \/>\n<meta property=\"og:type\" content=\"article\" \/>\n<meta property=\"og:title\" content=\"O menja\u010dnici | Tesla CryptoCap\" \/>\n<meta property=\"og:description\" content=\"O menja\u010dnici: Registrovana IT startup kompanija | Dru\u0161tvo sa ograni\u010denom odgovorno\u0161\u0107u | 100% Srpsko vlasni\u0161tvo\" \/>\n<meta property=\"og:url\" content=\"https:\/\/teslacryptocap.com\/en\/o-menjacnici\/\" \/>\n<meta property=\"og:site_name\" content=\"Tesla CryptoCap\" \/>\n<meta property=\"article:publisher\" content=\"https:\/\/www.facebook.com\/TeslaCryptoCap\" \/>\n<meta property=\"article:modified_time\" content=\"2026-02-20T15:53:45+00:00\" \/>\n<meta property=\"og:image\" content=\"https:\/\/teslacryptocap.com\/wp-content\/uploads\/2022\/05\/hands-holding-puzzle-business-problem-solving-concept-min-1.jpg\" \/>\n\t<meta property=\"og:image:width\" content=\"500\" \/>\n\t<meta property=\"og:image:height\" content=\"333\" \/>\n\t<meta property=\"og:image:type\" content=\"image\/jpeg\" \/>\n<meta name=\"twitter:card\" content=\"summary_large_image\" \/>\n<meta name=\"twitter:site\" content=\"@TCryptocap\" \/>\n<meta name=\"twitter:label1\" content=\"Est. reading time\" \/>\n\t<meta name=\"twitter:data1\" content=\"2 minutes\" \/>\n<script type=\"application\/ld+json\" class=\"yoast-schema-graph\">{\"@context\":\"https:\\\/\\\/schema.org\",\"@graph\":[{\"@type\":\"WebPage\",\"@id\":\"https:\\\/\\\/teslacryptocap.com\\\/o-menjacnici\\\/\",\"url\":\"https:\\\/\\\/teslacryptocap.com\\\/o-menjacnici\\\/\",\"name\":\"O menja\u010dnici | Tesla CryptoCap\",\"isPartOf\":{\"@id\":\"https:\\\/\\\/teslacryptocap.com\\\/#website\"},\"primaryImageOfPage\":{\"@id\":\"https:\\\/\\\/teslacryptocap.com\\\/o-menjacnici\\\/#primaryimage\"},\"image\":{\"@id\":\"https:\\\/\\\/teslacryptocap.com\\\/o-menjacnici\\\/#primaryimage\"},\"thumbnailUrl\":\"https:\\\/\\\/teslacryptocap.com\\\/wp-content\\\/uploads\\\/2022\\\/05\\\/hands-holding-puzzle-business-problem-solving-concept-min-1.jpg\",\"datePublished\":\"2022-03-24T10:21:48+00:00\",\"dateModified\":\"2026-02-20T15:53:45+00:00\",\"description\":\"O menja\u010dnici: Registrovana IT startup kompanija | Dru\u0161tvo sa ograni\u010denom odgovorno\u0161\u0107u | 100% Srpsko vlasni\u0161tvo\",\"breadcrumb\":{\"@id\":\"https:\\\/\\\/teslacryptocap.com\\\/o-menjacnici\\\/#breadcrumb\"},\"inLanguage\":\"en-US\",\"potentialAction\":[{\"@type\":\"ReadAction\",\"target\":[\"https:\\\/\\\/teslacryptocap.com\\\/o-menjacnici\\\/\"]}]},{\"@type\":\"ImageObject\",\"inLanguage\":\"en-US\",\"@id\":\"https:\\\/\\\/teslacryptocap.com\\\/o-menjacnici\\\/#primaryimage\",\"url\":\"https:\\\/\\\/teslacryptocap.com\\\/wp-content\\\/uploads\\\/2022\\\/05\\\/hands-holding-puzzle-business-problem-solving-concept-min-1.jpg\",\"contentUrl\":\"https:\\\/\\\/teslacryptocap.com\\\/wp-content\\\/uploads\\\/2022\\\/05\\\/hands-holding-puzzle-business-problem-solving-concept-min-1.jpg\"},{\"@type\":\"BreadcrumbList\",\"@id\":\"https:\\\/\\\/teslacryptocap.com\\\/o-menjacnici\\\/#breadcrumb\",\"itemListElement\":[{\"@type\":\"ListItem\",\"position\":1,\"name\":\"Po\u010detna\",\"item\":\"https:\\\/\\\/teslacryptocap.com\\\/\"},{\"@type\":\"ListItem\",\"position\":2,\"name\":\"O nama\"}]},{\"@type\":\"WebSite\",\"@id\":\"https:\\\/\\\/teslacryptocap.com\\\/#website\",\"url\":\"https:\\\/\\\/teslacryptocap.com\\\/\",\"name\":\"Tesla CryptoCap\",\"description\":\"Menja\u010dnica kriptovaluta\",\"publisher\":{\"@id\":\"https:\\\/\\\/teslacryptocap.com\\\/#organization\"},\"potentialAction\":[{\"@type\":\"SearchAction\",\"target\":{\"@type\":\"EntryPoint\",\"urlTemplate\":\"https:\\\/\\\/teslacryptocap.com\\\/?s={search_term_string}\"},\"query-input\":{\"@type\":\"PropertyValueSpecification\",\"valueRequired\":true,\"valueName\":\"search_term_string\"}}],\"inLanguage\":\"en-US\"},{\"@type\":\"Organization\",\"@id\":\"https:\\\/\\\/teslacryptocap.com\\\/#organization\",\"name\":\"TeslaCrypto Cap\",\"url\":\"https:\\\/\\\/teslacryptocap.com\\\/\",\"logo\":{\"@type\":\"ImageObject\",\"inLanguage\":\"en-US\",\"@id\":\"https:\\\/\\\/teslacryptocap.com\\\/#\\\/schema\\\/logo\\\/image\\\/\",\"url\":\"https:\\\/\\\/teslacryptocap.com\\\/wp-content\\\/uploads\\\/2022\\\/06\\\/Untitled-1.png\",\"contentUrl\":\"https:\\\/\\\/teslacryptocap.com\\\/wp-content\\\/uploads\\\/2022\\\/06\\\/Untitled-1.png\",\"width\":5001,\"height\":2617,\"caption\":\"TeslaCrypto Cap\"},\"image\":{\"@id\":\"https:\\\/\\\/teslacryptocap.com\\\/#\\\/schema\\\/logo\\\/image\\\/\"},\"sameAs\":[\"https:\\\/\\\/www.facebook.com\\\/TeslaCryptoCap\",\"https:\\\/\\\/x.com\\\/TCryptocap\",\"https:\\\/\\\/www.instagram.com\\\/teslacryptocap\\\/\"]}]}<\/script>\n<!-- \/ Yoast SEO plugin. -->","yoast_head_json":{"title":"O menja\u010dnici | Tesla CryptoCap","description":"O menja\u010dnici: Registrovana IT startup kompanija | Dru\u0161tvo sa ograni\u010denom odgovorno\u0161\u0107u | 100% Srpsko vlasni\u0161tvo","robots":{"index":"index","follow":"follow","max-snippet":"max-snippet:-1","max-image-preview":"max-image-preview:large","max-video-preview":"max-video-preview:-1"},"canonical":"https:\/\/teslacryptocap.com\/en\/o-menjacnici\/","og_locale":"en_US","og_type":"article","og_title":"O menja\u010dnici | Tesla CryptoCap","og_description":"O menja\u010dnici: Registrovana IT startup kompanija | Dru\u0161tvo sa ograni\u010denom odgovorno\u0161\u0107u | 100% Srpsko vlasni\u0161tvo","og_url":"https:\/\/teslacryptocap.com\/en\/o-menjacnici\/","og_site_name":"Tesla CryptoCap","article_publisher":"https:\/\/www.facebook.com\/TeslaCryptoCap","article_modified_time":"2026-02-20T15:53:45+00:00","og_image":[{"width":500,"height":333,"url":"https:\/\/teslacryptocap.com\/wp-content\/uploads\/2022\/05\/hands-holding-puzzle-business-problem-solving-concept-min-1.jpg","type":"image\/jpeg"}],"twitter_card":"summary_large_image","twitter_site":"@TCryptocap","twitter_misc":{"Est. reading time":"2 minutes"},"schema":{"@context":"https:\/\/schema.org","@graph":[{"@type":"WebPage","@id":"https:\/\/teslacryptocap.com\/o-menjacnici\/","url":"https:\/\/teslacryptocap.com\/o-menjacnici\/","name":"O menja\u010dnici | Tesla CryptoCap","isPartOf":{"@id":"https:\/\/teslacryptocap.com\/#website"},"primaryImageOfPage":{"@id":"https:\/\/teslacryptocap.com\/o-menjacnici\/#primaryimage"},"image":{"@id":"https:\/\/teslacryptocap.com\/o-menjacnici\/#primaryimage"},"thumbnailUrl":"https:\/\/teslacryptocap.com\/wp-content\/uploads\/2022\/05\/hands-holding-puzzle-business-problem-solving-concept-min-1.jpg","datePublished":"2022-03-24T10:21:48+00:00","dateModified":"2026-02-20T15:53:45+00:00","description":"O menja\u010dnici: Registrovana IT startup kompanija | Dru\u0161tvo sa ograni\u010denom odgovorno\u0161\u0107u | 100% Srpsko vlasni\u0161tvo","breadcrumb":{"@id":"https:\/\/teslacryptocap.com\/o-menjacnici\/#breadcrumb"},"inLanguage":"en-US","potentialAction":[{"@type":"ReadAction","target":["https:\/\/teslacryptocap.com\/o-menjacnici\/"]}]},{"@type":"ImageObject","inLanguage":"en-US","@id":"https:\/\/teslacryptocap.com\/o-menjacnici\/#primaryimage","url":"https:\/\/teslacryptocap.com\/wp-content\/uploads\/2022\/05\/hands-holding-puzzle-business-problem-solving-concept-min-1.jpg","contentUrl":"https:\/\/teslacryptocap.com\/wp-content\/uploads\/2022\/05\/hands-holding-puzzle-business-problem-solving-concept-min-1.jpg"},{"@type":"BreadcrumbList","@id":"https:\/\/teslacryptocap.com\/o-menjacnici\/#breadcrumb","itemListElement":[{"@type":"ListItem","position":1,"name":"Po\u010detna","item":"https:\/\/teslacryptocap.com\/"},{"@type":"ListItem","position":2,"name":"O nama"}]},{"@type":"WebSite","@id":"https:\/\/teslacryptocap.com\/#website","url":"https:\/\/teslacryptocap.com\/","name":"Tesla CryptoCap","description":"Menja\u010dnica kriptovaluta","publisher":{"@id":"https:\/\/teslacryptocap.com\/#organization"},"potentialAction":[{"@type":"SearchAction","target":{"@type":"EntryPoint","urlTemplate":"https:\/\/teslacryptocap.com\/?s={search_term_string}"},"query-input":{"@type":"PropertyValueSpecification","valueRequired":true,"valueName":"search_term_string"}}],"inLanguage":"en-US"},{"@type":"Organization","@id":"https:\/\/teslacryptocap.com\/#organization","name":"TeslaCrypto Cap","url":"https:\/\/teslacryptocap.com\/","logo":{"@type":"ImageObject","inLanguage":"en-US","@id":"https:\/\/teslacryptocap.com\/#\/schema\/logo\/image\/","url":"https:\/\/teslacryptocap.com\/wp-content\/uploads\/2022\/06\/Untitled-1.png","contentUrl":"https:\/\/teslacryptocap.com\/wp-content\/uploads\/2022\/06\/Untitled-1.png","width":5001,"height":2617,"caption":"TeslaCrypto Cap"},"image":{"@id":"https:\/\/teslacryptocap.com\/#\/schema\/logo\/image\/"},"sameAs":["https:\/\/www.facebook.com\/TeslaCryptoCap","https:\/\/x.com\/TCryptocap","https:\/\/www.instagram.com\/teslacryptocap\/"]}]}},"_links":{"self":[{"href":"https:\/\/teslacryptocap.com\/en\/wp-json\/wp\/v2\/pages\/147","targetHints":{"allow":["GET"]}}],"collection":[{"href":"https:\/\/teslacryptocap.com\/en\/wp-json\/wp\/v2\/pages"}],"about":[{"href":"https:\/\/teslacryptocap.com\/en\/wp-json\/wp\/v2\/types\/page"}],"author":[{"embeddable":true,"href":"https:\/\/teslacryptocap.com\/en\/wp-json\/wp\/v2\/users\/1"}],"replies":[{"embeddable":true,"href":"https:\/\/teslacryptocap.com\/en\/wp-json\/wp\/v2\/comments?post=147"}],"version-history":[{"count":74,"href":"https:\/\/teslacryptocap.com\/en\/wp-json\/wp\/v2\/pages\/147\/revisions"}],"predecessor-version":[{"id":8070,"href":"https:\/\/teslacryptocap.com\/en\/wp-json\/wp\/v2\/pages\/147\/revisions\/8070"}],"wp:attachment":[{"href":"https:\/\/teslacryptocap.com\/en\/wp-json\/wp\/v2\/media?parent=147"}],"curies":[{"name":"wp","href":"https:\/\/api.w.org\/{rel}","templated":true}]}}