{"id":1991,"date":"2022-04-26T09:35:38","date_gmt":"2022-04-26T07:35:38","guid":{"rendered":"https:\/\/tesla.gvisp.com\/?page_id=1991"},"modified":"2026-02-20T16:08:02","modified_gmt":"2026-02-20T15:08:02","slug":"demo-racun","status":"publish","type":"page","link":"https:\/\/teslacryptocap.com\/en\/demo-racun\/","title":{"rendered":"Demo account"},"content":{"rendered":"<div data-elementor-type=\"wp-page\" data-elementor-id=\"1991\" class=\"elementor elementor-1991\">\n\t\t\t\t\t\t<section class=\"elementor-section elementor-top-section elementor-element elementor-element-2c554cd elementor-section-content-middle elementor-reverse-mobile ct-section-stretched elementor-section-height-min-height elementor-section-boxed elementor-section-height-default elementor-section-items-middle\" data-id=\"2c554cd\" data-element_type=\"section\" data-e-type=\"section\" data-settings=\"{&quot;background_background&quot;:&quot;classic&quot;}\">\n\t\t\t\t\t\t\t<div class=\"elementor-background-overlay\"><\/div>\n\t\t\t\t\t\t\t<div class=\"elementor-container elementor-column-gap-no\">\n\t\t\t\t\t<div class=\"elementor-column elementor-col-100 elementor-top-column elementor-element elementor-element-ff1ef0b\" data-id=\"ff1ef0b\" data-element_type=\"column\" data-e-type=\"column\">\n\t\t\t<div class=\"elementor-widget-wrap elementor-element-populated\">\n\t\t\t\t\t\t<section class=\"elementor-section elementor-inner-section elementor-element elementor-element-660cdb4 elementor-section-content-middle elementor-section-boxed elementor-section-height-default elementor-section-height-default elementor-invisible\" data-id=\"660cdb4\" data-element_type=\"section\" data-e-type=\"section\" data-settings=\"{&quot;animation&quot;:&quot;fadeIn&quot;}\">\n\t\t\t\t\t\t<div class=\"elementor-container elementor-column-gap-default\">\n\t\t\t\t\t<div class=\"elementor-column elementor-col-50 elementor-inner-column elementor-element elementor-element-4c87388\" data-id=\"4c87388\" data-element_type=\"column\" data-e-type=\"column\" data-settings=\"{&quot;background_background&quot;:&quot;classic&quot;}\">\n\t\t\t<div class=\"elementor-widget-wrap elementor-element-populated\">\n\t\t\t\t\t\t<div class=\"elementor-element elementor-element-46ef7cc elementor-widget elementor-widget-heading\" data-id=\"46ef7cc\" data-element_type=\"widget\" data-e-type=\"widget\" data-widget_type=\"heading.default\">\n\t\t\t\t<div class=\"elementor-widget-container\">\n\t\t\t\t\t<h2 class=\"elementor-heading-title elementor-size-default\">NAJBOLJE mesto za sve po\u010detnike u svetu kriptovaluta<\/h2>\t\t\t\t<\/div>\n\t\t\t\t<\/div>\n\t\t\t\t<div class=\"elementor-element elementor-element-c6e0c48 elementor-widget-divider--view-line elementor-widget elementor-widget-divider\" data-id=\"c6e0c48\" data-element_type=\"widget\" data-e-type=\"widget\" data-widget_type=\"divider.default\">\n\t\t\t\t<div class=\"elementor-widget-container\">\n\t\t\t\t\t\t\t<div class=\"elementor-divider\">\n\t\t\t<span class=\"elementor-divider-separator\">\n\t\t\t\t\t\t<\/span>\n\t\t<\/div>\n\t\t\t\t\t\t<\/div>\n\t\t\t\t<\/div>\n\t\t\t\t<div class=\"elementor-element elementor-element-000c61c elementor-widget elementor-widget-text-editor\" data-id=\"000c61c\" data-element_type=\"widget\" data-e-type=\"widget\" data-widget_type=\"text-editor.default\">\n\t\t\t\t<div class=\"elementor-widget-container\">\n\t\t\t\t\t\t\t\t\t<p>Registruj se lako i brzo te isprobaj DEMO nalog besplatno<\/p>\t\t\t\t\t\t\t\t<\/div>\n\t\t\t\t<\/div>\n\t\t\t\t\t<\/div>\n\t\t<\/div>\n\t\t\t\t<div class=\"elementor-column elementor-col-50 elementor-inner-column elementor-element elementor-element-54ec3da\" data-id=\"54ec3da\" data-element_type=\"column\" data-e-type=\"column\" data-settings=\"{&quot;background_background&quot;:&quot;classic&quot;}\">\n\t\t\t<div class=\"elementor-widget-wrap\">\n\t\t\t\t\t\t\t<\/div>\n\t\t<\/div>\n\t\t\t\t\t<\/div>\n\t\t<\/section>\n\t\t\t\t\t<\/div>\n\t\t<\/div>\n\t\t\t\t\t<\/div>\n\t\t<\/section>\n\t\t\t\t<section class=\"elementor-section elementor-top-section elementor-element elementor-element-c36be27 elementor-section-content-middle elementor-section-boxed elementor-section-height-default elementor-section-height-default\" data-id=\"c36be27\" data-element_type=\"section\" data-e-type=\"section\" data-settings=\"{&quot;background_background&quot;:&quot;classic&quot;}\">\n\t\t\t\t\t\t<div class=\"elementor-container elementor-column-gap-no\">\n\t\t\t\t\t<div class=\"elementor-column elementor-col-50 elementor-top-column elementor-element elementor-element-70375a8\" data-id=\"70375a8\" data-element_type=\"column\" data-e-type=\"column\">\n\t\t\t<div class=\"elementor-widget-wrap elementor-element-populated\">\n\t\t\t\t\t\t<div class=\"elementor-element elementor-element-f28f649 elementor-widget elementor-widget-heading\" data-id=\"f28f649\" data-element_type=\"widget\" data-e-type=\"widget\" data-widget_type=\"heading.default\">\n\t\t\t\t<div class=\"elementor-widget-container\">\n\t\t\t\t\t<h2 class=\"elementor-heading-title elementor-size-default\">Registruj se u dva poteza te isprobaj DEMO nalog kao na pravoj aplikaciji \u010dime sti\u010de\u0161\n10.000 eura na tvom Demo ra\u010dunu.<\/h2>\t\t\t\t<\/div>\n\t\t\t\t<\/div>\n\t\t\t\t<div class=\"elementor-element elementor-element-bbc8e80 elementor-widget-divider--view-line elementor-widget elementor-widget-divider\" data-id=\"bbc8e80\" data-element_type=\"widget\" data-e-type=\"widget\" data-widget_type=\"divider.default\">\n\t\t\t\t<div class=\"elementor-widget-container\">\n\t\t\t\t\t\t\t<div class=\"elementor-divider\">\n\t\t\t<span class=\"elementor-divider-separator\">\n\t\t\t\t\t\t<\/span>\n\t\t<\/div>\n\t\t\t\t\t\t<\/div>\n\t\t\t\t<\/div>\n\t\t\t\t\t<\/div>\n\t\t<\/div>\n\t\t\t\t<div class=\"elementor-column elementor-col-50 elementor-top-column elementor-element elementor-element-0e0458f\" data-id=\"0e0458f\" data-element_type=\"column\" data-e-type=\"column\" data-settings=\"{&quot;background_background&quot;:&quot;classic&quot;}\">\n\t\t\t<div class=\"elementor-widget-wrap elementor-element-populated\">\n\t\t\t\t\t\t<div class=\"elementor-element elementor-element-4aae2ff elementor-widget elementor-widget-image\" data-id=\"4aae2ff\" data-element_type=\"widget\" data-e-type=\"widget\" data-widget_type=\"image.default\">\n\t\t\t\t<div class=\"elementor-widget-container\">\n\t\t\t\t\t\t\t\t\t\t\t\t\t\t\t<img fetchpriority=\"high\" decoding=\"async\" width=\"2267\" height=\"1760\" src=\"https:\/\/teslacryptocap.com\/wp-content\/uploads\/2022\/05\/Asset-291x-1.png\" class=\"attachment-full size-full wp-image-3132\" alt=\"\" srcset=\"https:\/\/teslacryptocap.com\/wp-content\/uploads\/2022\/05\/Asset-291x-1.png 2267w, https:\/\/teslacryptocap.com\/wp-content\/uploads\/2022\/05\/Asset-291x-1-300x233.png 300w, https:\/\/teslacryptocap.com\/wp-content\/uploads\/2022\/05\/Asset-291x-1-1024x795.png 1024w, https:\/\/teslacryptocap.com\/wp-content\/uploads\/2022\/05\/Asset-291x-1-768x596.png 768w, https:\/\/teslacryptocap.com\/wp-content\/uploads\/2022\/05\/Asset-291x-1-1536x1192.png 1536w, https:\/\/teslacryptocap.com\/wp-content\/uploads\/2022\/05\/Asset-291x-1-2048x1590.png 2048w\" sizes=\"(max-width: 2267px) 100vw, 2267px\" \/>\t\t\t\t\t\t\t\t\t\t\t\t\t\t\t<\/div>\n\t\t\t\t<\/div>\n\t\t\t\t\t<\/div>\n\t\t<\/div>\n\t\t\t\t\t<\/div>\n\t\t<\/section>\n\t\t\t\t<section class=\"elementor-section elementor-top-section elementor-element elementor-element-607dc32 elementor-section-content-middle elementor-reverse-mobile elementor-section-boxed elementor-section-height-default elementor-section-height-default\" data-id=\"607dc32\" data-element_type=\"section\" data-e-type=\"section\" data-settings=\"{&quot;background_background&quot;:&quot;classic&quot;}\">\n\t\t\t\t\t\t<div class=\"elementor-container elementor-column-gap-no\">\n\t\t\t\t\t<div class=\"elementor-column elementor-col-50 elementor-top-column elementor-element elementor-element-35655c1\" data-id=\"35655c1\" data-element_type=\"column\" data-e-type=\"column\" data-settings=\"{&quot;background_background&quot;:&quot;classic&quot;}\">\n\t\t\t<div class=\"elementor-widget-wrap elementor-element-populated\">\n\t\t\t\t\t\t<div class=\"elementor-element elementor-element-2d2bb9a elementor-widget elementor-widget-image\" data-id=\"2d2bb9a\" data-element_type=\"widget\" data-e-type=\"widget\" data-widget_type=\"image.default\">\n\t\t\t\t<div class=\"elementor-widget-container\">\n\t\t\t\t\t\t\t\t\t\t\t\t\t\t\t<img decoding=\"async\" width=\"2267\" height=\"1760\" src=\"https:\/\/teslacryptocap.com\/wp-content\/uploads\/2022\/05\/Asset-301x-1.png\" class=\"attachment-full size-full wp-image-3133\" alt=\"\" srcset=\"https:\/\/teslacryptocap.com\/wp-content\/uploads\/2022\/05\/Asset-301x-1.png 2267w, https:\/\/teslacryptocap.com\/wp-content\/uploads\/2022\/05\/Asset-301x-1-300x233.png 300w, https:\/\/teslacryptocap.com\/wp-content\/uploads\/2022\/05\/Asset-301x-1-1024x795.png 1024w, https:\/\/teslacryptocap.com\/wp-content\/uploads\/2022\/05\/Asset-301x-1-768x596.png 768w, https:\/\/teslacryptocap.com\/wp-content\/uploads\/2022\/05\/Asset-301x-1-1536x1192.png 1536w, https:\/\/teslacryptocap.com\/wp-content\/uploads\/2022\/05\/Asset-301x-1-2048x1590.png 2048w\" sizes=\"(max-width: 2267px) 100vw, 2267px\" \/>\t\t\t\t\t\t\t\t\t\t\t\t\t\t\t<\/div>\n\t\t\t\t<\/div>\n\t\t\t\t\t<\/div>\n\t\t<\/div>\n\t\t\t\t<div class=\"elementor-column elementor-col-50 elementor-top-column elementor-element elementor-element-c69c863\" data-id=\"c69c863\" data-element_type=\"column\" data-e-type=\"column\">\n\t\t\t<div class=\"elementor-widget-wrap elementor-element-populated\">\n\t\t\t\t\t\t<div class=\"elementor-element elementor-element-f069b47 elementor-widget elementor-widget-heading\" data-id=\"f069b47\" data-element_type=\"widget\" data-e-type=\"widget\" data-widget_type=\"heading.default\">\n\t\t\t\t<div class=\"elementor-widget-container\">\n\t\t\t\t\t<h2 class=\"elementor-heading-title elementor-size-default\">Kreiraj svoj prvi digitalni portfolio i ve\u017ebaj trgovanje \nna Demo ra\u010dunu, nakon \u010dega ti je omogu\u0107en\nprelazak na pravi ra\u010dun u dva klika<\/h2>\t\t\t\t<\/div>\n\t\t\t\t<\/div>\n\t\t\t\t<div class=\"elementor-element elementor-element-0b19143 elementor-widget-divider--view-line elementor-widget elementor-widget-divider\" data-id=\"0b19143\" data-element_type=\"widget\" data-e-type=\"widget\" data-widget_type=\"divider.default\">\n\t\t\t\t<div class=\"elementor-widget-container\">\n\t\t\t\t\t\t\t<div class=\"elementor-divider\">\n\t\t\t<span class=\"elementor-divider-separator\">\n\t\t\t\t\t\t<\/span>\n\t\t<\/div>\n\t\t\t\t\t\t<\/div>\n\t\t\t\t<\/div>\n\t\t\t\t\t<\/div>\n\t\t<\/div>\n\t\t\t\t\t<\/div>\n\t\t<\/section>\n\t\t\t\t<\/div>","protected":false},"excerpt":{"rendered":"<p>NAJBOLJE mesto za sve po\u010detnike u svetu kriptovaluta Registruj se lako i brzo te isprobaj DEMO nalog besplatno Registruj se u dva poteza te isprobaj DEMO nalog kao na pravoj aplikaciji \u010dime sti\u010de\u0161 10.000 eura na tvom Demo ra\u010dunu. Kreiraj svoj prvi digitalni portfolio i ve\u017ebaj trgovanje na Demo ra\u010dunu, nakon \u010dega ti je omogu\u0107en [&hellip;]<\/p>\n","protected":false},"author":1,"featured_media":0,"parent":0,"menu_order":0,"comment_status":"closed","ping_status":"closed","template":"elementor_header_footer","meta":{"footnotes":""},"class_list":["post-1991","page","type-page","status-publish","hentry"],"blocksy_meta":{"styles_descriptor":{"styles":{"desktop":"","tablet":"","mobile":""},"google_fonts":[],"version":6}},"yoast_head":"<!-- This site is optimized with the Yoast SEO plugin v27.4 - https:\/\/yoast.com\/product\/yoast-seo-wordpress\/ -->\n<title>Demo ra\u010dun | Tesla CryptoCap<\/title>\n<meta name=\"description\" content=\"NAJBOLJE mesto za sve po\u010detnike u svetu kriptovaluta. Dobija\u0161 demo ra\u010dun registracijom uz tvoje li\u010dne podatke.\" \/>\n<meta name=\"robots\" content=\"index, follow, max-snippet:-1, max-image-preview:large, max-video-preview:-1\" \/>\n<link rel=\"canonical\" href=\"https:\/\/teslacryptocap.com\/en\/demo-racun\/\" \/>\n<meta property=\"og:locale\" content=\"en_US\" \/>\n<meta property=\"og:type\" content=\"article\" \/>\n<meta property=\"og:title\" content=\"Demo ra\u010dun | Tesla CryptoCap\" \/>\n<meta property=\"og:description\" content=\"NAJBOLJE mesto za sve po\u010detnike u svetu kriptovaluta. Dobija\u0161 demo ra\u010dun registracijom uz tvoje li\u010dne podatke.\" \/>\n<meta property=\"og:url\" content=\"https:\/\/teslacryptocap.com\/en\/demo-racun\/\" \/>\n<meta property=\"og:site_name\" content=\"Tesla CryptoCap\" \/>\n<meta property=\"article:publisher\" content=\"https:\/\/www.facebook.com\/TeslaCryptoCap\" \/>\n<meta property=\"article:modified_time\" content=\"2026-02-20T15:08:02+00:00\" \/>\n<meta property=\"og:image\" content=\"https:\/\/teslacryptocap.com\/wp-content\/uploads\/2022\/05\/Asset-291x-1.png\" \/>\n\t<meta property=\"og:image:width\" content=\"2267\" \/>\n\t<meta property=\"og:image:height\" content=\"1760\" \/>\n\t<meta property=\"og:image:type\" content=\"image\/png\" \/>\n<meta name=\"twitter:card\" content=\"summary_large_image\" \/>\n<meta name=\"twitter:site\" content=\"@TCryptocap\" \/>\n<meta name=\"twitter:label1\" content=\"Est. reading time\" \/>\n\t<meta name=\"twitter:data1\" content=\"2 minutes\" \/>\n<script type=\"application\/ld+json\" class=\"yoast-schema-graph\">{\"@context\":\"https:\\\/\\\/schema.org\",\"@graph\":[{\"@type\":\"WebPage\",\"@id\":\"https:\\\/\\\/teslacryptocap.com\\\/demo-racun\\\/\",\"url\":\"https:\\\/\\\/teslacryptocap.com\\\/demo-racun\\\/\",\"name\":\"Demo ra\u010dun | Tesla CryptoCap\",\"isPartOf\":{\"@id\":\"https:\\\/\\\/teslacryptocap.com\\\/#website\"},\"primaryImageOfPage\":{\"@id\":\"https:\\\/\\\/teslacryptocap.com\\\/demo-racun\\\/#primaryimage\"},\"image\":{\"@id\":\"https:\\\/\\\/teslacryptocap.com\\\/demo-racun\\\/#primaryimage\"},\"thumbnailUrl\":\"https:\\\/\\\/teslacryptocap.com\\\/wp-content\\\/uploads\\\/2022\\\/05\\\/Asset-291x-1.png\",\"datePublished\":\"2022-04-26T07:35:38+00:00\",\"dateModified\":\"2026-02-20T15:08:02+00:00\",\"description\":\"NAJBOLJE mesto za sve po\u010detnike u svetu kriptovaluta. Dobija\u0161 demo ra\u010dun registracijom uz tvoje li\u010dne podatke.\",\"breadcrumb\":{\"@id\":\"https:\\\/\\\/teslacryptocap.com\\\/demo-racun\\\/#breadcrumb\"},\"inLanguage\":\"en-US\",\"potentialAction\":[{\"@type\":\"ReadAction\",\"target\":[\"https:\\\/\\\/teslacryptocap.com\\\/demo-racun\\\/\"]}]},{\"@type\":\"ImageObject\",\"inLanguage\":\"en-US\",\"@id\":\"https:\\\/\\\/teslacryptocap.com\\\/demo-racun\\\/#primaryimage\",\"url\":\"https:\\\/\\\/teslacryptocap.com\\\/wp-content\\\/uploads\\\/2022\\\/05\\\/Asset-291x-1.png\",\"contentUrl\":\"https:\\\/\\\/teslacryptocap.com\\\/wp-content\\\/uploads\\\/2022\\\/05\\\/Asset-291x-1.png\"},{\"@type\":\"BreadcrumbList\",\"@id\":\"https:\\\/\\\/teslacryptocap.com\\\/demo-racun\\\/#breadcrumb\",\"itemListElement\":[{\"@type\":\"ListItem\",\"position\":1,\"name\":\"Po\u010detna\",\"item\":\"https:\\\/\\\/teslacryptocap.com\\\/\"},{\"@type\":\"ListItem\",\"position\":2,\"name\":\"Demo ra\u010dun\"}]},{\"@type\":\"WebSite\",\"@id\":\"https:\\\/\\\/teslacryptocap.com\\\/#website\",\"url\":\"https:\\\/\\\/teslacryptocap.com\\\/\",\"name\":\"Tesla CryptoCap\",\"description\":\"Menja\u010dnica kriptovaluta\",\"publisher\":{\"@id\":\"https:\\\/\\\/teslacryptocap.com\\\/#organization\"},\"potentialAction\":[{\"@type\":\"SearchAction\",\"target\":{\"@type\":\"EntryPoint\",\"urlTemplate\":\"https:\\\/\\\/teslacryptocap.com\\\/?s={search_term_string}\"},\"query-input\":{\"@type\":\"PropertyValueSpecification\",\"valueRequired\":true,\"valueName\":\"search_term_string\"}}],\"inLanguage\":\"en-US\"},{\"@type\":\"Organization\",\"@id\":\"https:\\\/\\\/teslacryptocap.com\\\/#organization\",\"name\":\"TeslaCrypto Cap\",\"url\":\"https:\\\/\\\/teslacryptocap.com\\\/\",\"logo\":{\"@type\":\"ImageObject\",\"inLanguage\":\"en-US\",\"@id\":\"https:\\\/\\\/teslacryptocap.com\\\/#\\\/schema\\\/logo\\\/image\\\/\",\"url\":\"https:\\\/\\\/teslacryptocap.com\\\/wp-content\\\/uploads\\\/2022\\\/06\\\/Untitled-1.png\",\"contentUrl\":\"https:\\\/\\\/teslacryptocap.com\\\/wp-content\\\/uploads\\\/2022\\\/06\\\/Untitled-1.png\",\"width\":5001,\"height\":2617,\"caption\":\"TeslaCrypto Cap\"},\"image\":{\"@id\":\"https:\\\/\\\/teslacryptocap.com\\\/#\\\/schema\\\/logo\\\/image\\\/\"},\"sameAs\":[\"https:\\\/\\\/www.facebook.com\\\/TeslaCryptoCap\",\"https:\\\/\\\/x.com\\\/TCryptocap\",\"https:\\\/\\\/www.instagram.com\\\/teslacryptocap\\\/\"]}]}<\/script>\n<!-- \/ Yoast SEO plugin. -->","yoast_head_json":{"title":"Demo ra\u010dun | Tesla CryptoCap","description":"NAJBOLJE mesto za sve po\u010detnike u svetu kriptovaluta. Dobija\u0161 demo ra\u010dun registracijom uz tvoje li\u010dne podatke.","robots":{"index":"index","follow":"follow","max-snippet":"max-snippet:-1","max-image-preview":"max-image-preview:large","max-video-preview":"max-video-preview:-1"},"canonical":"https:\/\/teslacryptocap.com\/en\/demo-racun\/","og_locale":"en_US","og_type":"article","og_title":"Demo ra\u010dun | Tesla CryptoCap","og_description":"NAJBOLJE mesto za sve po\u010detnike u svetu kriptovaluta. Dobija\u0161 demo ra\u010dun registracijom uz tvoje li\u010dne podatke.","og_url":"https:\/\/teslacryptocap.com\/en\/demo-racun\/","og_site_name":"Tesla CryptoCap","article_publisher":"https:\/\/www.facebook.com\/TeslaCryptoCap","article_modified_time":"2026-02-20T15:08:02+00:00","og_image":[{"width":2267,"height":1760,"url":"https:\/\/teslacryptocap.com\/wp-content\/uploads\/2022\/05\/Asset-291x-1.png","type":"image\/png"}],"twitter_card":"summary_large_image","twitter_site":"@TCryptocap","twitter_misc":{"Est. reading time":"2 minutes"},"schema":{"@context":"https:\/\/schema.org","@graph":[{"@type":"WebPage","@id":"https:\/\/teslacryptocap.com\/demo-racun\/","url":"https:\/\/teslacryptocap.com\/demo-racun\/","name":"Demo ra\u010dun | Tesla CryptoCap","isPartOf":{"@id":"https:\/\/teslacryptocap.com\/#website"},"primaryImageOfPage":{"@id":"https:\/\/teslacryptocap.com\/demo-racun\/#primaryimage"},"image":{"@id":"https:\/\/teslacryptocap.com\/demo-racun\/#primaryimage"},"thumbnailUrl":"https:\/\/teslacryptocap.com\/wp-content\/uploads\/2022\/05\/Asset-291x-1.png","datePublished":"2022-04-26T07:35:38+00:00","dateModified":"2026-02-20T15:08:02+00:00","description":"NAJBOLJE mesto za sve po\u010detnike u svetu kriptovaluta. Dobija\u0161 demo ra\u010dun registracijom uz tvoje li\u010dne podatke.","breadcrumb":{"@id":"https:\/\/teslacryptocap.com\/demo-racun\/#breadcrumb"},"inLanguage":"en-US","potentialAction":[{"@type":"ReadAction","target":["https:\/\/teslacryptocap.com\/demo-racun\/"]}]},{"@type":"ImageObject","inLanguage":"en-US","@id":"https:\/\/teslacryptocap.com\/demo-racun\/#primaryimage","url":"https:\/\/teslacryptocap.com\/wp-content\/uploads\/2022\/05\/Asset-291x-1.png","contentUrl":"https:\/\/teslacryptocap.com\/wp-content\/uploads\/2022\/05\/Asset-291x-1.png"},{"@type":"BreadcrumbList","@id":"https:\/\/teslacryptocap.com\/demo-racun\/#breadcrumb","itemListElement":[{"@type":"ListItem","position":1,"name":"Po\u010detna","item":"https:\/\/teslacryptocap.com\/"},{"@type":"ListItem","position":2,"name":"Demo ra\u010dun"}]},{"@type":"WebSite","@id":"https:\/\/teslacryptocap.com\/#website","url":"https:\/\/teslacryptocap.com\/","name":"Tesla CryptoCap","description":"Menja\u010dnica kriptovaluta","publisher":{"@id":"https:\/\/teslacryptocap.com\/#organization"},"potentialAction":[{"@type":"SearchAction","target":{"@type":"EntryPoint","urlTemplate":"https:\/\/teslacryptocap.com\/?s={search_term_string}"},"query-input":{"@type":"PropertyValueSpecification","valueRequired":true,"valueName":"search_term_string"}}],"inLanguage":"en-US"},{"@type":"Organization","@id":"https:\/\/teslacryptocap.com\/#organization","name":"TeslaCrypto Cap","url":"https:\/\/teslacryptocap.com\/","logo":{"@type":"ImageObject","inLanguage":"en-US","@id":"https:\/\/teslacryptocap.com\/#\/schema\/logo\/image\/","url":"https:\/\/teslacryptocap.com\/wp-content\/uploads\/2022\/06\/Untitled-1.png","contentUrl":"https:\/\/teslacryptocap.com\/wp-content\/uploads\/2022\/06\/Untitled-1.png","width":5001,"height":2617,"caption":"TeslaCrypto Cap"},"image":{"@id":"https:\/\/teslacryptocap.com\/#\/schema\/logo\/image\/"},"sameAs":["https:\/\/www.facebook.com\/TeslaCryptoCap","https:\/\/x.com\/TCryptocap","https:\/\/www.instagram.com\/teslacryptocap\/"]}]}},"_links":{"self":[{"href":"https:\/\/teslacryptocap.com\/en\/wp-json\/wp\/v2\/pages\/1991","targetHints":{"allow":["GET"]}}],"collection":[{"href":"https:\/\/teslacryptocap.com\/en\/wp-json\/wp\/v2\/pages"}],"about":[{"href":"https:\/\/teslacryptocap.com\/en\/wp-json\/wp\/v2\/types\/page"}],"author":[{"embeddable":true,"href":"https:\/\/teslacryptocap.com\/en\/wp-json\/wp\/v2\/users\/1"}],"replies":[{"embeddable":true,"href":"https:\/\/teslacryptocap.com\/en\/wp-json\/wp\/v2\/comments?post=1991"}],"version-history":[{"count":104,"href":"https:\/\/teslacryptocap.com\/en\/wp-json\/wp\/v2\/pages\/1991\/revisions"}],"predecessor-version":[{"id":8012,"href":"https:\/\/teslacryptocap.com\/en\/wp-json\/wp\/v2\/pages\/1991\/revisions\/8012"}],"wp:attachment":[{"href":"https:\/\/teslacryptocap.com\/en\/wp-json\/wp\/v2\/media?parent=1991"}],"curies":[{"name":"wp","href":"https:\/\/api.w.org\/{rel}","templated":true}]}}