{"id":89,"date":"2022-03-24T10:55:44","date_gmt":"2022-03-24T09:55:44","guid":{"rendered":"http:\/\/localhost\/chile\/wordpress\/?page_id=89"},"modified":"2026-02-20T16:05:29","modified_gmt":"2026-02-20T15:05:29","slug":"kupovina-kriptovaluta","status":"publish","type":"page","link":"https:\/\/teslacryptocap.com\/en\/kupovina-kriptovaluta\/","title":{"rendered":"Buying"},"content":{"rendered":"<div data-elementor-type=\"wp-page\" data-elementor-id=\"89\" class=\"elementor elementor-89\">\n\t\t\t\t\t\t<section class=\"elementor-section elementor-top-section elementor-element elementor-element-rqnjc2w elementor-section-content-middle elementor-reverse-mobile ct-section-stretched elementor-section-height-min-height elementor-section-boxed elementor-section-height-default elementor-section-items-middle\" data-id=\"rqnjc2w\" data-element_type=\"section\" data-e-type=\"section\" data-settings=\"{&quot;background_background&quot;:&quot;classic&quot;}\">\n\t\t\t\t\t\t\t<div class=\"elementor-background-overlay\"><\/div>\n\t\t\t\t\t\t\t<div class=\"elementor-container elementor-column-gap-no\">\n\t\t\t\t\t<div class=\"elementor-column elementor-col-100 elementor-top-column elementor-element elementor-element-bf06ea9\" data-id=\"bf06ea9\" data-element_type=\"column\" data-e-type=\"column\">\n\t\t\t<div class=\"elementor-widget-wrap elementor-element-populated\">\n\t\t\t\t\t\t<section class=\"elementor-section elementor-inner-section elementor-element elementor-element-457c23f elementor-section-content-middle elementor-section-boxed elementor-section-height-default elementor-section-height-default elementor-invisible\" data-id=\"457c23f\" data-element_type=\"section\" data-e-type=\"section\" data-settings=\"{&quot;animation&quot;:&quot;fadeIn&quot;}\">\n\t\t\t\t\t\t<div class=\"elementor-container elementor-column-gap-default\">\n\t\t\t\t\t<div class=\"elementor-column elementor-col-50 elementor-inner-column elementor-element elementor-element-92a335f\" data-id=\"92a335f\" data-element_type=\"column\" data-e-type=\"column\" data-settings=\"{&quot;background_background&quot;:&quot;classic&quot;}\">\n\t\t\t<div class=\"elementor-widget-wrap elementor-element-populated\">\n\t\t\t\t\t\t<div class=\"elementor-element elementor-element-2440d01 elementor-widget elementor-widget-heading\" data-id=\"2440d01\" data-element_type=\"widget\" data-e-type=\"widget\" data-widget_type=\"heading.default\">\n\t\t\t\t<div class=\"elementor-widget-container\">\n\t\t\t\t\t<h2 class=\"elementor-heading-title elementor-size-default\">KUPOVINA kriptovaluta na #TeslaCrypto digitalnoj platformi od 1% do 2% provizije<\/h2>\t\t\t\t<\/div>\n\t\t\t\t<\/div>\n\t\t\t\t<div class=\"elementor-element elementor-element-7681ffd elementor-widget-divider--view-line elementor-widget elementor-widget-divider\" data-id=\"7681ffd\" data-element_type=\"widget\" data-e-type=\"widget\" data-widget_type=\"divider.default\">\n\t\t\t\t<div class=\"elementor-widget-container\">\n\t\t\t\t\t\t\t<div class=\"elementor-divider\">\n\t\t\t<span class=\"elementor-divider-separator\">\n\t\t\t\t\t\t<\/span>\n\t\t<\/div>\n\t\t\t\t\t\t<\/div>\n\t\t\t\t<\/div>\n\t\t\t\t<div class=\"elementor-element elementor-element-e665856 elementor-widget elementor-widget-text-editor\" data-id=\"e665856\" data-element_type=\"widget\" data-e-type=\"widget\" data-widget_type=\"text-editor.default\">\n\t\t\t\t<div class=\"elementor-widget-container\">\n\t\t\t\t\t\t\t\t\t<p>Register easily and quickly with your basic data and personal document<\/p>\t\t\t\t\t\t\t\t<\/div>\n\t\t\t\t<\/div>\n\t\t\t\t\t<\/div>\n\t\t<\/div>\n\t\t\t\t<div class=\"elementor-column elementor-col-50 elementor-inner-column elementor-element elementor-element-4cb041b\" data-id=\"4cb041b\" data-element_type=\"column\" data-e-type=\"column\" data-settings=\"{&quot;background_background&quot;:&quot;classic&quot;}\">\n\t\t\t<div class=\"elementor-widget-wrap\">\n\t\t\t\t\t\t\t<\/div>\n\t\t<\/div>\n\t\t\t\t\t<\/div>\n\t\t<\/section>\n\t\t\t\t\t<\/div>\n\t\t<\/div>\n\t\t\t\t\t<\/div>\n\t\t<\/section>\n\t\t\t\t<section class=\"elementor-section elementor-top-section elementor-element elementor-element-w0tdvxv elementor-section-content-middle elementor-section-boxed elementor-section-height-default elementor-section-height-default\" data-id=\"w0tdvxv\" data-element_type=\"section\" data-e-type=\"section\" data-settings=\"{&quot;background_background&quot;:&quot;classic&quot;}\">\n\t\t\t\t\t\t<div class=\"elementor-container elementor-column-gap-no\">\n\t\t\t\t\t<div class=\"elementor-column elementor-col-50 elementor-top-column elementor-element elementor-element-258231d\" data-id=\"258231d\" data-element_type=\"column\" data-e-type=\"column\">\n\t\t\t<div class=\"elementor-widget-wrap elementor-element-populated\">\n\t\t\t\t\t\t<div class=\"elementor-element elementor-element-1401102 elementor-widget elementor-widget-heading\" data-id=\"1401102\" data-element_type=\"widget\" data-e-type=\"widget\" data-widget_type=\"heading.default\">\n\t\t\t\t<div class=\"elementor-widget-container\">\n\t\t\t\t\t<h2 class=\"elementor-heading-title elementor-size-default\">Uplati nov\u010dana sredstva na \ntvoj TeslaCrypto wallet<\/h2>\t\t\t\t<\/div>\n\t\t\t\t<\/div>\n\t\t\t\t<div class=\"elementor-element elementor-element-7a2d1e6 elementor-widget-divider--view-line elementor-widget elementor-widget-divider\" data-id=\"7a2d1e6\" data-element_type=\"widget\" data-e-type=\"widget\" data-widget_type=\"divider.default\">\n\t\t\t\t<div class=\"elementor-widget-container\">\n\t\t\t\t\t\t\t<div class=\"elementor-divider\">\n\t\t\t<span class=\"elementor-divider-separator\">\n\t\t\t\t\t\t<\/span>\n\t\t<\/div>\n\t\t\t\t\t\t<\/div>\n\t\t\t\t<\/div>\n\t\t\t\t\t<\/div>\n\t\t<\/div>\n\t\t\t\t<div class=\"elementor-column elementor-col-50 elementor-top-column elementor-element elementor-element-ca44c59\" data-id=\"ca44c59\" data-element_type=\"column\" data-e-type=\"column\" data-settings=\"{&quot;background_background&quot;:&quot;classic&quot;}\">\n\t\t\t<div class=\"elementor-widget-wrap elementor-element-populated\">\n\t\t\t\t\t\t<div class=\"elementor-element elementor-element-7e01216 elementor-widget elementor-widget-image\" data-id=\"7e01216\" data-element_type=\"widget\" data-e-type=\"widget\" data-widget_type=\"image.default\">\n\t\t\t\t<div class=\"elementor-widget-container\">\n\t\t\t\t\t\t\t\t\t\t\t\t\t\t\t<img fetchpriority=\"high\" decoding=\"async\" width=\"2268\" height=\"1760\" src=\"https:\/\/teslacryptocap.com\/wp-content\/uploads\/2022\/05\/Asset-221x-1.png\" class=\"attachment-full size-full wp-image-3107\" alt=\"\" srcset=\"https:\/\/teslacryptocap.com\/wp-content\/uploads\/2022\/05\/Asset-221x-1.png 2268w, https:\/\/teslacryptocap.com\/wp-content\/uploads\/2022\/05\/Asset-221x-1-300x233.png 300w, https:\/\/teslacryptocap.com\/wp-content\/uploads\/2022\/05\/Asset-221x-1-1024x795.png 1024w, https:\/\/teslacryptocap.com\/wp-content\/uploads\/2022\/05\/Asset-221x-1-768x596.png 768w, https:\/\/teslacryptocap.com\/wp-content\/uploads\/2022\/05\/Asset-221x-1-1536x1192.png 1536w, https:\/\/teslacryptocap.com\/wp-content\/uploads\/2022\/05\/Asset-221x-1-2048x1589.png 2048w\" sizes=\"(max-width: 2268px) 100vw, 2268px\" \/>\t\t\t\t\t\t\t\t\t\t\t\t\t\t\t<\/div>\n\t\t\t\t<\/div>\n\t\t\t\t\t<\/div>\n\t\t<\/div>\n\t\t\t\t\t<\/div>\n\t\t<\/section>\n\t\t\t\t<section class=\"elementor-section elementor-top-section elementor-element elementor-element-0b409ca elementor-section-content-middle elementor-reverse-mobile elementor-section-boxed elementor-section-height-default elementor-section-height-default\" data-id=\"0b409ca\" data-element_type=\"section\" data-e-type=\"section\" data-settings=\"{&quot;background_background&quot;:&quot;classic&quot;}\">\n\t\t\t\t\t\t<div class=\"elementor-container elementor-column-gap-no\">\n\t\t\t\t\t<div class=\"elementor-column elementor-col-50 elementor-top-column elementor-element elementor-element-e276ace\" data-id=\"e276ace\" data-element_type=\"column\" data-e-type=\"column\" data-settings=\"{&quot;background_background&quot;:&quot;classic&quot;}\">\n\t\t\t<div class=\"elementor-widget-wrap elementor-element-populated\">\n\t\t\t\t\t\t<div class=\"elementor-element elementor-element-8351c51 elementor-widget elementor-widget-image\" data-id=\"8351c51\" data-element_type=\"widget\" data-e-type=\"widget\" data-widget_type=\"image.default\">\n\t\t\t\t<div class=\"elementor-widget-container\">\n\t\t\t\t\t\t\t\t\t\t\t\t\t\t\t<img decoding=\"async\" width=\"2267\" height=\"1760\" src=\"https:\/\/teslacryptocap.com\/wp-content\/uploads\/2022\/05\/Asset-231x-1.png\" class=\"attachment-full size-full wp-image-3108\" alt=\"\" srcset=\"https:\/\/teslacryptocap.com\/wp-content\/uploads\/2022\/05\/Asset-231x-1.png 2267w, https:\/\/teslacryptocap.com\/wp-content\/uploads\/2022\/05\/Asset-231x-1-300x233.png 300w, https:\/\/teslacryptocap.com\/wp-content\/uploads\/2022\/05\/Asset-231x-1-1024x795.png 1024w, https:\/\/teslacryptocap.com\/wp-content\/uploads\/2022\/05\/Asset-231x-1-768x596.png 768w, https:\/\/teslacryptocap.com\/wp-content\/uploads\/2022\/05\/Asset-231x-1-1536x1192.png 1536w, https:\/\/teslacryptocap.com\/wp-content\/uploads\/2022\/05\/Asset-231x-1-2048x1590.png 2048w\" sizes=\"(max-width: 2267px) 100vw, 2267px\" \/>\t\t\t\t\t\t\t\t\t\t\t\t\t\t\t<\/div>\n\t\t\t\t<\/div>\n\t\t\t\t\t<\/div>\n\t\t<\/div>\n\t\t\t\t<div class=\"elementor-column elementor-col-50 elementor-top-column elementor-element elementor-element-2ccf875\" data-id=\"2ccf875\" data-element_type=\"column\" data-e-type=\"column\">\n\t\t\t<div class=\"elementor-widget-wrap elementor-element-populated\">\n\t\t\t\t\t\t<div class=\"elementor-element elementor-element-d7be01e elementor-widget elementor-widget-heading\" data-id=\"d7be01e\" data-element_type=\"widget\" data-e-type=\"widget\" data-widget_type=\"heading.default\">\n\t\t\t\t<div class=\"elementor-widget-container\">\n\t\t\t\t\t<h2 class=\"elementor-heading-title elementor-size-default\">Besplatno koristi digitalnu platformu #TeslaCrypto \nbilo gde da se nalazi\u0161 na bilo kom ure\u0111aju<\/h2>\t\t\t\t<\/div>\n\t\t\t\t<\/div>\n\t\t\t\t<div class=\"elementor-element elementor-element-7a7b0a5 elementor-widget-divider--view-line elementor-widget elementor-widget-divider\" data-id=\"7a7b0a5\" data-element_type=\"widget\" data-e-type=\"widget\" data-widget_type=\"divider.default\">\n\t\t\t\t<div class=\"elementor-widget-container\">\n\t\t\t\t\t\t\t<div class=\"elementor-divider\">\n\t\t\t<span class=\"elementor-divider-separator\">\n\t\t\t\t\t\t<\/span>\n\t\t<\/div>\n\t\t\t\t\t\t<\/div>\n\t\t\t\t<\/div>\n\t\t\t\t\t<\/div>\n\t\t<\/div>\n\t\t\t\t\t<\/div>\n\t\t<\/section>\n\t\t\t\t<\/div>","protected":false},"excerpt":{"rendered":"<p>KUPOVINA kriptovaluta na #TeslaCrypto digitalnoj platformi od 1% do 2% provizije Registruj se lako i brzo uz tvoje\u00a0 osnovne podatke i li\u010dni dokument Uplati nov\u010dana sredstva na tvoj TeslaCrypto wallet Besplatno koristi digitalnu platformu #TeslaCrypto bilo gde da se nalazi\u0161 na bilo kom ure\u0111aju<\/p>","protected":false},"author":1,"featured_media":0,"parent":0,"menu_order":0,"comment_status":"closed","ping_status":"closed","template":"elementor_header_footer","meta":{"footnotes":""},"class_list":["post-89","page","type-page","status-publish","hentry"],"blocksy_meta":{"styles_descriptor":{"styles":{"desktop":"","tablet":"","mobile":""},"google_fonts":[],"version":6}},"yoast_head":"<!-- This site is optimized with the Yoast SEO plugin v27.4 - https:\/\/yoast.com\/product\/yoast-seo-wordpress\/ -->\n<title>Kupovina kriptovaluta | Tesla CryptoCap<\/title>\n<meta name=\"description\" content=\"Kupovina kriptovaluta na #TeslaCrypto digitalnoj platformi uz 1% provizije. Registruj se lako i brzo uz tvoje osnovne li\u010dne podatke.\" \/>\n<meta name=\"robots\" content=\"index, follow, max-snippet:-1, max-image-preview:large, max-video-preview:-1\" \/>\n<link rel=\"canonical\" href=\"https:\/\/teslacryptocap.com\/en\/kupovina-kriptovaluta\/\" \/>\n<meta property=\"og:locale\" content=\"en_US\" \/>\n<meta property=\"og:type\" content=\"article\" \/>\n<meta property=\"og:title\" content=\"Kupovina kriptovaluta | Tesla CryptoCap\" \/>\n<meta property=\"og:description\" content=\"Kupovina kriptovaluta na #TeslaCrypto digitalnoj platformi uz 1% provizije. Registruj se lako i brzo uz tvoje osnovne li\u010dne podatke.\" \/>\n<meta property=\"og:url\" content=\"https:\/\/teslacryptocap.com\/en\/kupovina-kriptovaluta\/\" \/>\n<meta property=\"og:site_name\" content=\"Tesla CryptoCap\" \/>\n<meta property=\"article:publisher\" content=\"https:\/\/www.facebook.com\/TeslaCryptoCap\" \/>\n<meta property=\"article:modified_time\" content=\"2026-02-20T15:05:29+00:00\" \/>\n<meta property=\"og:image\" content=\"https:\/\/teslacryptocap.com\/wp-content\/uploads\/2022\/05\/Asset-221x-1.png\" \/>\n\t<meta property=\"og:image:width\" content=\"2268\" \/>\n\t<meta property=\"og:image:height\" content=\"1760\" \/>\n\t<meta property=\"og:image:type\" content=\"image\/png\" \/>\n<meta name=\"twitter:card\" content=\"summary_large_image\" \/>\n<meta name=\"twitter:site\" content=\"@TCryptocap\" \/>\n<meta name=\"twitter:label1\" content=\"Est. reading time\" \/>\n\t<meta name=\"twitter:data1\" content=\"2 minutes\" \/>\n<script type=\"application\/ld+json\" class=\"yoast-schema-graph\">{\"@context\":\"https:\\\/\\\/schema.org\",\"@graph\":[{\"@type\":\"WebPage\",\"@id\":\"https:\\\/\\\/teslacryptocap.com\\\/kupovina-kriptovaluta\\\/\",\"url\":\"https:\\\/\\\/teslacryptocap.com\\\/kupovina-kriptovaluta\\\/\",\"name\":\"Kupovina kriptovaluta | Tesla CryptoCap\",\"isPartOf\":{\"@id\":\"https:\\\/\\\/teslacryptocap.com\\\/#website\"},\"primaryImageOfPage\":{\"@id\":\"https:\\\/\\\/teslacryptocap.com\\\/kupovina-kriptovaluta\\\/#primaryimage\"},\"image\":{\"@id\":\"https:\\\/\\\/teslacryptocap.com\\\/kupovina-kriptovaluta\\\/#primaryimage\"},\"thumbnailUrl\":\"https:\\\/\\\/teslacryptocap.com\\\/wp-content\\\/uploads\\\/2022\\\/05\\\/Asset-221x-1.png\",\"datePublished\":\"2022-03-24T09:55:44+00:00\",\"dateModified\":\"2026-02-20T15:05:29+00:00\",\"description\":\"Kupovina kriptovaluta na #TeslaCrypto digitalnoj platformi uz 1% provizije. Registruj se lako i brzo uz tvoje osnovne li\u010dne podatke.\",\"breadcrumb\":{\"@id\":\"https:\\\/\\\/teslacryptocap.com\\\/kupovina-kriptovaluta\\\/#breadcrumb\"},\"inLanguage\":\"en-US\",\"potentialAction\":[{\"@type\":\"ReadAction\",\"target\":[\"https:\\\/\\\/teslacryptocap.com\\\/kupovina-kriptovaluta\\\/\"]}]},{\"@type\":\"ImageObject\",\"inLanguage\":\"en-US\",\"@id\":\"https:\\\/\\\/teslacryptocap.com\\\/kupovina-kriptovaluta\\\/#primaryimage\",\"url\":\"https:\\\/\\\/teslacryptocap.com\\\/wp-content\\\/uploads\\\/2022\\\/05\\\/Asset-221x-1.png\",\"contentUrl\":\"https:\\\/\\\/teslacryptocap.com\\\/wp-content\\\/uploads\\\/2022\\\/05\\\/Asset-221x-1.png\"},{\"@type\":\"BreadcrumbList\",\"@id\":\"https:\\\/\\\/teslacryptocap.com\\\/kupovina-kriptovaluta\\\/#breadcrumb\",\"itemListElement\":[{\"@type\":\"ListItem\",\"position\":1,\"name\":\"Po\u010detna\",\"item\":\"https:\\\/\\\/teslacryptocap.com\\\/\"},{\"@type\":\"ListItem\",\"position\":2,\"name\":\"Kupovina\"}]},{\"@type\":\"WebSite\",\"@id\":\"https:\\\/\\\/teslacryptocap.com\\\/#website\",\"url\":\"https:\\\/\\\/teslacryptocap.com\\\/\",\"name\":\"Tesla CryptoCap\",\"description\":\"Menja\u010dnica kriptovaluta\",\"publisher\":{\"@id\":\"https:\\\/\\\/teslacryptocap.com\\\/#organization\"},\"potentialAction\":[{\"@type\":\"SearchAction\",\"target\":{\"@type\":\"EntryPoint\",\"urlTemplate\":\"https:\\\/\\\/teslacryptocap.com\\\/?s={search_term_string}\"},\"query-input\":{\"@type\":\"PropertyValueSpecification\",\"valueRequired\":true,\"valueName\":\"search_term_string\"}}],\"inLanguage\":\"en-US\"},{\"@type\":\"Organization\",\"@id\":\"https:\\\/\\\/teslacryptocap.com\\\/#organization\",\"name\":\"TeslaCrypto Cap\",\"url\":\"https:\\\/\\\/teslacryptocap.com\\\/\",\"logo\":{\"@type\":\"ImageObject\",\"inLanguage\":\"en-US\",\"@id\":\"https:\\\/\\\/teslacryptocap.com\\\/#\\\/schema\\\/logo\\\/image\\\/\",\"url\":\"https:\\\/\\\/teslacryptocap.com\\\/wp-content\\\/uploads\\\/2022\\\/06\\\/Untitled-1.png\",\"contentUrl\":\"https:\\\/\\\/teslacryptocap.com\\\/wp-content\\\/uploads\\\/2022\\\/06\\\/Untitled-1.png\",\"width\":5001,\"height\":2617,\"caption\":\"TeslaCrypto Cap\"},\"image\":{\"@id\":\"https:\\\/\\\/teslacryptocap.com\\\/#\\\/schema\\\/logo\\\/image\\\/\"},\"sameAs\":[\"https:\\\/\\\/www.facebook.com\\\/TeslaCryptoCap\",\"https:\\\/\\\/x.com\\\/TCryptocap\",\"https:\\\/\\\/www.instagram.com\\\/teslacryptocap\\\/\"]}]}<\/script>\n<!-- \/ Yoast SEO plugin. -->","yoast_head_json":{"title":"Kupovina kriptovaluta | Tesla CryptoCap","description":"Kupovina kriptovaluta na #TeslaCrypto digitalnoj platformi uz 1% provizije. Registruj se lako i brzo uz tvoje osnovne li\u010dne podatke.","robots":{"index":"index","follow":"follow","max-snippet":"max-snippet:-1","max-image-preview":"max-image-preview:large","max-video-preview":"max-video-preview:-1"},"canonical":"https:\/\/teslacryptocap.com\/en\/kupovina-kriptovaluta\/","og_locale":"en_US","og_type":"article","og_title":"Kupovina kriptovaluta | Tesla CryptoCap","og_description":"Kupovina kriptovaluta na #TeslaCrypto digitalnoj platformi uz 1% provizije. Registruj se lako i brzo uz tvoje osnovne li\u010dne podatke.","og_url":"https:\/\/teslacryptocap.com\/en\/kupovina-kriptovaluta\/","og_site_name":"Tesla CryptoCap","article_publisher":"https:\/\/www.facebook.com\/TeslaCryptoCap","article_modified_time":"2026-02-20T15:05:29+00:00","og_image":[{"width":2268,"height":1760,"url":"https:\/\/teslacryptocap.com\/wp-content\/uploads\/2022\/05\/Asset-221x-1.png","type":"image\/png"}],"twitter_card":"summary_large_image","twitter_site":"@TCryptocap","twitter_misc":{"Est. reading time":"2 minutes"},"schema":{"@context":"https:\/\/schema.org","@graph":[{"@type":"WebPage","@id":"https:\/\/teslacryptocap.com\/kupovina-kriptovaluta\/","url":"https:\/\/teslacryptocap.com\/kupovina-kriptovaluta\/","name":"Kupovina kriptovaluta | Tesla CryptoCap","isPartOf":{"@id":"https:\/\/teslacryptocap.com\/#website"},"primaryImageOfPage":{"@id":"https:\/\/teslacryptocap.com\/kupovina-kriptovaluta\/#primaryimage"},"image":{"@id":"https:\/\/teslacryptocap.com\/kupovina-kriptovaluta\/#primaryimage"},"thumbnailUrl":"https:\/\/teslacryptocap.com\/wp-content\/uploads\/2022\/05\/Asset-221x-1.png","datePublished":"2022-03-24T09:55:44+00:00","dateModified":"2026-02-20T15:05:29+00:00","description":"Kupovina kriptovaluta na #TeslaCrypto digitalnoj platformi uz 1% provizije. Registruj se lako i brzo uz tvoje osnovne li\u010dne podatke.","breadcrumb":{"@id":"https:\/\/teslacryptocap.com\/kupovina-kriptovaluta\/#breadcrumb"},"inLanguage":"en-US","potentialAction":[{"@type":"ReadAction","target":["https:\/\/teslacryptocap.com\/kupovina-kriptovaluta\/"]}]},{"@type":"ImageObject","inLanguage":"en-US","@id":"https:\/\/teslacryptocap.com\/kupovina-kriptovaluta\/#primaryimage","url":"https:\/\/teslacryptocap.com\/wp-content\/uploads\/2022\/05\/Asset-221x-1.png","contentUrl":"https:\/\/teslacryptocap.com\/wp-content\/uploads\/2022\/05\/Asset-221x-1.png"},{"@type":"BreadcrumbList","@id":"https:\/\/teslacryptocap.com\/kupovina-kriptovaluta\/#breadcrumb","itemListElement":[{"@type":"ListItem","position":1,"name":"Po\u010detna","item":"https:\/\/teslacryptocap.com\/"},{"@type":"ListItem","position":2,"name":"Kupovina"}]},{"@type":"WebSite","@id":"https:\/\/teslacryptocap.com\/#website","url":"https:\/\/teslacryptocap.com\/","name":"Tesla CryptoCap","description":"Menja\u010dnica kriptovaluta","publisher":{"@id":"https:\/\/teslacryptocap.com\/#organization"},"potentialAction":[{"@type":"SearchAction","target":{"@type":"EntryPoint","urlTemplate":"https:\/\/teslacryptocap.com\/?s={search_term_string}"},"query-input":{"@type":"PropertyValueSpecification","valueRequired":true,"valueName":"search_term_string"}}],"inLanguage":"en-US"},{"@type":"Organization","@id":"https:\/\/teslacryptocap.com\/#organization","name":"TeslaCrypto Cap","url":"https:\/\/teslacryptocap.com\/","logo":{"@type":"ImageObject","inLanguage":"en-US","@id":"https:\/\/teslacryptocap.com\/#\/schema\/logo\/image\/","url":"https:\/\/teslacryptocap.com\/wp-content\/uploads\/2022\/06\/Untitled-1.png","contentUrl":"https:\/\/teslacryptocap.com\/wp-content\/uploads\/2022\/06\/Untitled-1.png","width":5001,"height":2617,"caption":"TeslaCrypto Cap"},"image":{"@id":"https:\/\/teslacryptocap.com\/#\/schema\/logo\/image\/"},"sameAs":["https:\/\/www.facebook.com\/TeslaCryptoCap","https:\/\/x.com\/TCryptocap","https:\/\/www.instagram.com\/teslacryptocap\/"]}]}},"_links":{"self":[{"href":"https:\/\/teslacryptocap.com\/en\/wp-json\/wp\/v2\/pages\/89","targetHints":{"allow":["GET"]}}],"collection":[{"href":"https:\/\/teslacryptocap.com\/en\/wp-json\/wp\/v2\/pages"}],"about":[{"href":"https:\/\/teslacryptocap.com\/en\/wp-json\/wp\/v2\/types\/page"}],"author":[{"embeddable":true,"href":"https:\/\/teslacryptocap.com\/en\/wp-json\/wp\/v2\/users\/1"}],"replies":[{"embeddable":true,"href":"https:\/\/teslacryptocap.com\/en\/wp-json\/wp\/v2\/comments?post=89"}],"version-history":[{"count":95,"href":"https:\/\/teslacryptocap.com\/en\/wp-json\/wp\/v2\/pages\/89\/revisions"}],"predecessor-version":[{"id":8003,"href":"https:\/\/teslacryptocap.com\/en\/wp-json\/wp\/v2\/pages\/89\/revisions\/8003"}],"wp:attachment":[{"href":"https:\/\/teslacryptocap.com\/en\/wp-json\/wp\/v2\/media?parent=89"}],"curies":[{"name":"wp","href":"https:\/\/api.w.org\/{rel}","templated":true}]}}